{"id":471,"date":"2024-12-10T15:40:36","date_gmt":"2024-12-10T14:40:36","guid":{"rendered":"https:\/\/tigges.pixel-tal.de\/kontaktpersonen-in-kuala-lumpur\/"},"modified":"2025-12-18T11:18:26","modified_gmt":"2025-12-18T10:18:26","slug":"standort-kuala-lumpur","status":"publish","type":"page","link":"https:\/\/tigges-fastener.com\/de\/kontakt\/standort-kuala-lumpur\/","title":{"rendered":"Standort Kuala Lumpur"},"content":{"rendered":"<section id=\"2d79f8a6\" class=\"hero hero-2d79f8a6 hero--default\" data-theme=\"dark\">\r\n\t\t\t\t\t\t\t\t<div class=\"acf-innerblocks-container\">\n\r\n\t\t\t       \r\n                    \r\n            <div id=\"7cc452bd\" class=\"hero-item hero-item-7cc452bd hero-item--image\">\r\n\t\t\t\t<div class=\"hero-canvas\">\r\n\r\n\t\t\t\t\t<div class=\"acf-innerblocks-container\"><\/div>\r\n\r\n\t\t\t\t\t\r\n\t\t\t\t<\/div>\r\n\t\t\t\t<div class=\"hero-media hero-media-image\"><img loading=\"lazy\" decoding=\"async\" width=\"1920\" height=\"720\" src=\"https:\/\/tigges-fastener.com\/wp-content\/uploads\/kopfbild_kontakt_kuala_lumpur.jpg\" class=\"attachment-full size-full\" alt=\"Mehrere Personen sitzen an Schreibtischen in einem B\u00fcro mit blauen Trennw\u00e4nden und Computern.\" srcset=\"https:\/\/tigges-fastener.com\/wp-content\/uploads\/kopfbild_kontakt_kuala_lumpur.jpg 1920w, https:\/\/tigges-fastener.com\/wp-content\/uploads\/kopfbild_kontakt_kuala_lumpur-300x113.jpg 300w, https:\/\/tigges-fastener.com\/wp-content\/uploads\/kopfbild_kontakt_kuala_lumpur-768x288.jpg 768w, https:\/\/tigges-fastener.com\/wp-content\/uploads\/kopfbild_kontakt_kuala_lumpur-1024x384.jpg 1024w, https:\/\/tigges-fastener.com\/wp-content\/uploads\/kopfbild_kontakt_kuala_lumpur-1536x576.jpg 1536w, https:\/\/tigges-fastener.com\/wp-content\/uploads\/kopfbild_kontakt_kuala_lumpur-1x1.jpg 1w\" sizes=\"auto, (max-width: 1920px) 100vw, 1920px\" \/><\/div>            <\/div>\r\n\t\t\t\t\r\n            \r\n\t\t\t\r\n        \r\n            \n<\/div>\r\n\t\t\t\t\t\t\t\t<!-- \t\t\t\t\t<a class=\"hero-action smooth-scroll\" href=\"#start\">\r\n\t\t\t\t\t\t<span class=\"hero-scroll\" href=\"#start\"><\/span>\r\n\t\t\t\t\t\t<span class=\"hero-scroll-arrow\"><\/span>\r\n\t\t\t\t\t<\/a>\r\n\t\t\t\t -->\r\n\t\t\t\t<div id=\"start\"><\/div>\r\n\t\t\t<\/section>\r\n\t\t\t\t\r\n\t\t\t\r\n\t\t\t        \r\n            \n\n<section id=\"0d7fa00c\" class=\"gb-section gb-container gb-container-0d7fa00c\" data-container-type=\"section\" data-theme=\"dark\">\n<div id=\"99367486\" class=\"gb-inner-section gb-container gb-container-99367486\" data-container-type=\"container\" data-theme=\"inherit\">\n<div class=\"gb-grid-wrapper gb-grid-wrapper-02ec0c2b\">\n<div class=\"gb-grid-column gb-grid-column-d2d9b1d3\"><section id=\"d2d9b1d3\" class=\"gb-container gb-container-d2d9b1d3\" data-container-type=\"container\" data-theme=\"inherit\">\n\n<div class=\"wp-block-pixel-headline headlines --subheadline-bottom has-text-align-left\"><h1 class=\"headline --h2\" style=\"color:\">Kontaktdaten <br><strong>Kuala Lumpur, Malaysia<\/strong><br><\/h1><\/div>\n\n<\/section><\/div>\n\n<div class=\"gb-grid-column gb-grid-column-d3b84f00\"><section id=\"d3b84f00\" class=\"gb-container gb-container-d3b84f00\" data-container-type=\"container\" data-theme=\"inherit\">\n\n<p><strong>Tigges Fasteners Trading Sdn.<br><\/strong>Bhd No. 3, Jalan Pengacara U1\/48 Temasya<br>Industrial Park 40150 Shah Alam Selangor Darul Ehsan Malaysia<\/p>\n\n<\/section><\/div>\n\n<div class=\"gb-grid-column gb-grid-column-35a684cc\"><section id=\"35a684cc\" class=\"gb-container gb-container-35a684cc\" data-container-type=\"container\" data-theme=\"inherit\">\n\n<p>Telefon: <a href=\"tel:600355692911\" target=\"_blank\" rel=\"noreferrer noopener\">+60 (0) 3 55 69 29 11<\/a><br>Fax: +60 (0) 3 55 69 29 14<br>E-Mail: <a href=\"mailto:info@tigges.com.my\" target=\"_blank\" rel=\"noreferrer noopener\">info@tigges.com.my<\/a><\/p>\n\n<\/section><\/div>\n<\/div>\n<\/div>\n<\/section>\n\n<section id=\"e595b7cc\" class=\"gb-section gb-container gb-container-e595b7cc\" data-container-type=\"section\" data-theme=\"dark\">\n<div id=\"5d569d63\" class=\"gb-inner-section gb-container gb-container-5d569d63\" data-container-type=\"container\" data-theme=\"inherit\">\n\n<div class=\"wp-block-pixel-headline headlines --subheadline-bottom has-text-align-left\"><h2 class=\"headline\" style=\"color:\">Ansprechpartner<\/h2><\/div>\n\n\n\n            \n                \n                <div id=\"0392b211\" class=\"grid grid-0392b211 grid-contact grid-columns-3\" style=\"--grid-columns:3;--grid-gap:2.5rem;\">\n                    <div class=\"grid-inner\"><div class=\"grid-item\"><div class=\"card card-contact card-contact-628\" >\r\n\t\t\t\t<div class=\"card-media\"><img loading=\"lazy\" decoding=\"async\" width=\"513\" height=\"375\" src=\"https:\/\/tigges-fastener.com\/wp-content\/uploads\/ansprechperson-Sharon_Chan.jpg\" class=\"attachment-contact size-contact\" alt=\"Frau Sharon Chan mit dunklem Haar sitzt an einem Tisch, tr\u00e4gt roten Blazer und schwarzes Oberteil, im Hintergrund Jalousien.\" srcset=\"https:\/\/tigges-fastener.com\/wp-content\/uploads\/ansprechperson-Sharon_Chan.jpg 513w, https:\/\/tigges-fastener.com\/wp-content\/uploads\/ansprechperson-Sharon_Chan-300x219.jpg 300w, https:\/\/tigges-fastener.com\/wp-content\/uploads\/ansprechperson-Sharon_Chan-1x1.jpg 1w\" sizes=\"auto, (max-width: 513px) 100vw, 513px\" \/><\/div>\t\t\t\t\r\n\t\t\t\t<div class=\"card-content\">\r\n\t\t\t\t\t<div class=\"card-inner\">\r\n\t\t\t\t\t\t<div class=\"card-headlines headlines --subheadline-bottom\"><span class=\"card-headline headline --h3\">Sharon Chan<\/span><span class=\"card-subheadline subheadline\">Gesch\u00e4ftsf\u00fchrerin \/ Vertriebsleiterin<\/span><\/div>\t\t\t\t\t<\/div>\r\n\r\n\t\t\t\t\t<div class=\"card-action\"><div class=\"card-action-inner\"><div class=\"action-item action-phone\"><a href=\"tel:+60355692911\">+603-55692911<\/a><\/div><div class=\"action-item action-mobile\"><a href=\"tel:\"><\/a><\/div><div class=\"action-item action-fax\"><\/div><div class=\"action-item action-email\"><a href=\"mailto:s&#104;a&#114;o&#110;&#64;t&#105;g&#103;e&#115;&#46;&#99;om.my\">s&#104;a&#114;o&#110;&#64;t&#105;g&#103;e&#115;&#46;&#99;om.my<\/a><\/div><\/div><\/div>\t\t\t\t<\/div>\r\n\t\t\t<\/div><\/div><div class=\"grid-item\"><div class=\"card card-contact card-contact-629\" >\r\n\t\t\t\t<div class=\"card-media\"><img loading=\"lazy\" decoding=\"async\" width=\"513\" height=\"375\" src=\"https:\/\/tigges-fastener.com\/wp-content\/uploads\/ansprechperson-Liow_Hock_Hin.jpg\" class=\"attachment-contact size-contact\" alt=\"Herr Liow Hock Hin in dunklem Anzug mit gemusterter Krawatte sitzt an einem Schreibtisch vor einem Fenster mit horizontalen Jalousien.\" srcset=\"https:\/\/tigges-fastener.com\/wp-content\/uploads\/ansprechperson-Liow_Hock_Hin.jpg 513w, https:\/\/tigges-fastener.com\/wp-content\/uploads\/ansprechperson-Liow_Hock_Hin-300x219.jpg 300w, https:\/\/tigges-fastener.com\/wp-content\/uploads\/ansprechperson-Liow_Hock_Hin-1x1.jpg 1w\" sizes=\"auto, (max-width: 513px) 100vw, 513px\" \/><\/div>\t\t\t\t\r\n\t\t\t\t<div class=\"card-content\">\r\n\t\t\t\t\t<div class=\"card-inner\">\r\n\t\t\t\t\t\t<div class=\"card-headlines headlines --subheadline-bottom\"><span class=\"card-headline headline --h3\">Liow Hock Hin<\/span><span class=\"card-subheadline subheadline\">Verkaufsassistent &#038; Marketingmanager<\/span><\/div>\t\t\t\t\t<\/div>\r\n\r\n\t\t\t\t\t<div class=\"card-action\"><div class=\"card-action-inner\"><div class=\"action-item action-phone\"><a href=\"tel:+60355692911\">+603-55692911<\/a><\/div><div class=\"action-item action-mobile\"><a href=\"tel:\"><\/a><\/div><div class=\"action-item action-fax\"><\/div><div class=\"action-item action-email\"><a href=\"mailto:liow&#64;&#116;i&#103;&#103;e&#115;.&#99;o&#109;&#46;&#109;&#121;\">liow&#64;&#116;i&#103;&#103;e&#115;.&#99;o&#109;&#46;&#109;&#121;<\/a><\/div><\/div><\/div>\t\t\t\t<\/div>\r\n\t\t\t<\/div><\/div><div class=\"grid-item\"><div class=\"card card-contact card-contact-631\" >\r\n\t\t\t\t<div class=\"card-media\"><img loading=\"lazy\" decoding=\"async\" width=\"513\" height=\"375\" src=\"https:\/\/tigges-fastener.com\/wp-content\/uploads\/ansprechperson-Jenna_Liew.jpg\" class=\"attachment-contact size-contact\" alt=\"Frau Jenna Liew in dunklem Anzug mit gemusterter Krawatte sitzt an einem Schreibtisch vor einem Fenster mit horizontalen Jalousien.\" srcset=\"https:\/\/tigges-fastener.com\/wp-content\/uploads\/ansprechperson-Jenna_Liew.jpg 513w, https:\/\/tigges-fastener.com\/wp-content\/uploads\/ansprechperson-Jenna_Liew-300x219.jpg 300w, https:\/\/tigges-fastener.com\/wp-content\/uploads\/ansprechperson-Jenna_Liew-1x1.jpg 1w\" sizes=\"auto, (max-width: 513px) 100vw, 513px\" \/><\/div>\t\t\t\t\r\n\t\t\t\t<div class=\"card-content\">\r\n\t\t\t\t\t<div class=\"card-inner\">\r\n\t\t\t\t\t\t<div class=\"card-headlines headlines --subheadline-bottom\"><span class=\"card-headline headline --h3\">Jenna Liew<\/span><span class=\"card-subheadline subheadline\">Key-Account-Managerin<\/span><\/div>\t\t\t\t\t<\/div>\r\n\r\n\t\t\t\t\t<div class=\"card-action\"><div class=\"card-action-inner\"><div class=\"action-item action-phone\"><a href=\"tel:+60355692911\">+603-55692911<\/a><\/div><div class=\"action-item action-mobile\"><a href=\"tel:\"><\/a><\/div><div class=\"action-item action-fax\"><\/div><div class=\"action-item action-email\"><a href=\"mailto:jen&#110;&#97;&#64;ti&#103;&#103;es.com.&#109;&#121;\">jen&#110;&#97;&#64;ti&#103;&#103;es.com.&#109;&#121;<\/a><\/div><\/div><\/div>\t\t\t\t<\/div>\r\n\t\t\t<\/div><\/div><div class=\"grid-item\"><div class=\"card card-contact card-contact-632\" >\r\n\t\t\t\t<div class=\"card-media\"><img loading=\"lazy\" decoding=\"async\" width=\"513\" height=\"375\" src=\"https:\/\/tigges-fastener.com\/wp-content\/uploads\/ansprechperson-Chia_Wai_Ling.jpg\" class=\"attachment-contact size-contact\" alt=\"Frau Chia Wai Liing in dunklem Anzug mit gemusterter Krawatte sitzt an einem Schreibtisch vor einem Fenster mit horizontalen Jalousien.\" srcset=\"https:\/\/tigges-fastener.com\/wp-content\/uploads\/ansprechperson-Chia_Wai_Ling.jpg 513w, https:\/\/tigges-fastener.com\/wp-content\/uploads\/ansprechperson-Chia_Wai_Ling-300x219.jpg 300w, https:\/\/tigges-fastener.com\/wp-content\/uploads\/ansprechperson-Chia_Wai_Ling-1x1.jpg 1w\" sizes=\"auto, (max-width: 513px) 100vw, 513px\" \/><\/div>\t\t\t\t\r\n\t\t\t\t<div class=\"card-content\">\r\n\t\t\t\t\t<div class=\"card-inner\">\r\n\t\t\t\t\t\t<div class=\"card-headlines headlines --subheadline-bottom\"><span class=\"card-headline headline --h3\">Chia Wai Ling<\/span><span class=\"card-subheadline subheadline\">Exportmanagerin<\/span><\/div>\t\t\t\t\t<\/div>\r\n\r\n\t\t\t\t\t<div class=\"card-action\"><div class=\"card-action-inner\"><div class=\"action-item action-phone\"><a href=\"tel:+60355692911\">+603-55692911<\/a><\/div><div class=\"action-item action-mobile\"><a href=\"tel:\"><\/a><\/div><div class=\"action-item action-fax\"><\/div><div class=\"action-item action-email\"><a href=\"mailto:wl&#99;h&#105;&#97;&#64;t&#105;&#103;g&#101;&#115;&#46;co&#109;.&#109;&#121;\">wl&#99;h&#105;&#97;&#64;t&#105;&#103;g&#101;&#115;&#46;co&#109;.&#109;&#121;<\/a><\/div><\/div><\/div>\t\t\t\t<\/div>\r\n\t\t\t<\/div><\/div><div class=\"grid-item\"><div class=\"card card-contact card-contact-633\" >\r\n\t\t\t\t<div class=\"card-media\"><img loading=\"lazy\" decoding=\"async\" width=\"513\" height=\"375\" src=\"https:\/\/tigges-fastener.com\/wp-content\/uploads\/ansprechperson-Joaennie_Yeo.jpg\" class=\"attachment-contact size-contact\" alt=\"Frau Joaennie Yeo in dunklem Anzug mit gemusterter Krawatte sitzt an einem Schreibtisch vor einem Fenster mit horizontalen Jalousien.\" srcset=\"https:\/\/tigges-fastener.com\/wp-content\/uploads\/ansprechperson-Joaennie_Yeo.jpg 513w, https:\/\/tigges-fastener.com\/wp-content\/uploads\/ansprechperson-Joaennie_Yeo-300x219.jpg 300w, https:\/\/tigges-fastener.com\/wp-content\/uploads\/ansprechperson-Joaennie_Yeo-1x1.jpg 1w\" sizes=\"auto, (max-width: 513px) 100vw, 513px\" \/><\/div>\t\t\t\t\r\n\t\t\t\t<div class=\"card-content\">\r\n\t\t\t\t\t<div class=\"card-inner\">\r\n\t\t\t\t\t\t<div class=\"card-headlines headlines --subheadline-bottom\"><span class=\"card-headline headline --h3\">Joaennie Yeo<\/span><span class=\"card-subheadline subheadline\">Vertriebskoordinatorin<\/span><\/div>\t\t\t\t\t<\/div>\r\n\r\n\t\t\t\t\t<div class=\"card-action\"><div class=\"card-action-inner\"><div class=\"action-item action-phone\"><a href=\"tel:+60355692911\">+603-55692911<\/a><\/div><div class=\"action-item action-mobile\"><a href=\"tel:\"><\/a><\/div><div class=\"action-item action-fax\"><\/div><div class=\"action-item action-email\"><a href=\"mailto:joaen&#110;&#105;e&#64;t&#105;&#103;&#103;e&#115;&#46;&#99;&#111;&#109;.my\">joaen&#110;&#105;e&#64;t&#105;&#103;&#103;e&#115;&#46;&#99;&#111;&#109;.my<\/a><\/div><\/div><\/div>\t\t\t\t<\/div>\r\n\t\t\t<\/div><\/div><div class=\"grid-item\"><div class=\"card card-contact card-contact-634\" >\r\n\t\t\t\t<div class=\"card-media\"><img loading=\"lazy\" decoding=\"async\" width=\"513\" height=\"375\" src=\"https:\/\/tigges-fastener.com\/wp-content\/uploads\/ansprechperson-Lee_Lih_Ren.jpg\" class=\"attachment-contact size-contact\" alt=\"Herr Lee Lih Ren in dunklem Anzug mit gemusterter Krawatte sitzt an einem Schreibtisch vor einem Fenster mit horizontalen Jalousien.\" srcset=\"https:\/\/tigges-fastener.com\/wp-content\/uploads\/ansprechperson-Lee_Lih_Ren.jpg 513w, https:\/\/tigges-fastener.com\/wp-content\/uploads\/ansprechperson-Lee_Lih_Ren-300x219.jpg 300w, https:\/\/tigges-fastener.com\/wp-content\/uploads\/ansprechperson-Lee_Lih_Ren-1x1.jpg 1w\" sizes=\"auto, (max-width: 513px) 100vw, 513px\" \/><\/div>\t\t\t\t\r\n\t\t\t\t<div class=\"card-content\">\r\n\t\t\t\t\t<div class=\"card-inner\">\r\n\t\t\t\t\t\t<div class=\"card-headlines headlines --subheadline-bottom\"><span class=\"card-headline headline --h3\">Lee Lih Ren<\/span><span class=\"card-subheadline subheadline\">Verkaufsleiter<\/span><\/div>\t\t\t\t\t<\/div>\r\n\r\n\t\t\t\t\t<div class=\"card-action\"><div class=\"card-action-inner\"><div class=\"action-item action-phone\"><a href=\"tel:+60355692911\">+603-55692911<\/a><\/div><div class=\"action-item action-mobile\"><a href=\"tel:\"><\/a><\/div><div class=\"action-item action-fax\"><\/div><div class=\"action-item action-email\"><a href=\"mailto:l&#114;le&#101;&#64;&#116;igg&#101;&#115;&#46;&#99;om&#46;&#109;&#121;\">l&#114;le&#101;&#64;&#116;igg&#101;&#115;&#46;&#99;om&#46;&#109;&#121;<\/a><\/div><\/div><\/div>\t\t\t\t<\/div>\r\n\t\t\t<\/div><\/div><div class=\"grid-item\"><div class=\"card card-contact card-contact-635\" >\r\n\t\t\t\t<div class=\"card-media\"><img loading=\"lazy\" decoding=\"async\" width=\"513\" height=\"375\" src=\"https:\/\/tigges-fastener.com\/wp-content\/uploads\/ansprechperson-Lam_Siau_Yen.jpg\" class=\"attachment-contact size-contact\" alt=\"Frau Lam Siau Yen in dunklem Anzug mit gemusterter Krawatte sitzt an einem Schreibtisch vor einem Fenster mit horizontalen Jalousien.\" srcset=\"https:\/\/tigges-fastener.com\/wp-content\/uploads\/ansprechperson-Lam_Siau_Yen.jpg 513w, https:\/\/tigges-fastener.com\/wp-content\/uploads\/ansprechperson-Lam_Siau_Yen-300x219.jpg 300w, https:\/\/tigges-fastener.com\/wp-content\/uploads\/ansprechperson-Lam_Siau_Yen-1x1.jpg 1w\" sizes=\"auto, (max-width: 513px) 100vw, 513px\" \/><\/div>\t\t\t\t\r\n\t\t\t\t<div class=\"card-content\">\r\n\t\t\t\t\t<div class=\"card-inner\">\r\n\t\t\t\t\t\t<div class=\"card-headlines headlines --subheadline-bottom\"><span class=\"card-headline headline --h3\">Lam Siau Yen<\/span><span class=\"card-subheadline subheadline\">Logistikleiterin<\/span><\/div>\t\t\t\t\t<\/div>\r\n\r\n\t\t\t\t\t<div class=\"card-action\"><div class=\"card-action-inner\"><div class=\"action-item action-phone\"><a href=\"tel:+60355692911\">+603-55692911<\/a><\/div><div class=\"action-item action-mobile\"><a href=\"tel:\"><\/a><\/div><div class=\"action-item action-fax\"><\/div><div class=\"action-item action-email\"><a href=\"mailto:&#108;a&#109;&#64;&#116;&#105;&#103;&#103;e&#115;.&#99;o&#109;&#46;my\">&#108;a&#109;&#64;&#116;&#105;&#103;&#103;e&#115;.&#99;o&#109;&#46;my<\/a><\/div><\/div><\/div>\t\t\t\t<\/div>\r\n\t\t\t<\/div><\/div><\/div>\n                                    <\/div>\n\n            \n            \n            <!-- end:grid -->\n            \n<\/div>\n<\/section>","protected":false},"excerpt":{"rendered":"","protected":false},"author":1,"featured_media":0,"parent":1445,"menu_order":2,"comment_status":"closed","ping_status":"closed","template":"","meta":{"_acf_changed":false,"footnotes":""},"class_list":["post-471","page","type-page","status-publish"],"acf":[],"yoast_head":"<!-- This site is optimized with the Yoast SEO plugin v27.3 - https:\/\/yoast.com\/product\/yoast-seo-wordpress\/ -->\n<title>Kontakt zum Standort Kuala Lumpur | TIGGES Fastener<\/title>\n<meta name=\"description\" content=\"TIGGES Fastener in Kuala Lumpur: Vertrieb, Logistik &amp; pers\u00f6nliche Ansprechpartner f\u00fcr S\u00fcdostasien. Jetzt Kontakt aufnehmen!\" \/>\n<meta name=\"robots\" content=\"index, follow, max-snippet:-1, max-image-preview:large, max-video-preview:-1\" \/>\n<link rel=\"canonical\" href=\"https:\/\/tigges-fastener.com\/kontakt\/standort-kuala-lumpur\/\" \/>\n<meta property=\"og:locale\" content=\"de_DE\" \/>\n<meta property=\"og:type\" content=\"article\" \/>\n<meta property=\"og:title\" content=\"Kontakt zum Standort Kuala Lumpur | TIGGES Fastener\" \/>\n<meta property=\"og:description\" content=\"TIGGES Fastener in Kuala Lumpur: Vertrieb, Logistik &amp; pers\u00f6nliche Ansprechpartner f\u00fcr S\u00fcdostasien. Jetzt Kontakt aufnehmen!\" \/>\n<meta property=\"og:url\" content=\"https:\/\/tigges-fastener.com\/kontakt\/standort-kuala-lumpur\/\" \/>\n<meta property=\"og:site_name\" content=\"Tigges Fastener Technology\" \/>\n<meta property=\"article:modified_time\" content=\"2025-12-18T10:18:26+00:00\" \/>\n<meta name=\"twitter:card\" content=\"summary_large_image\" \/>\n<meta name=\"twitter:label1\" content=\"Gesch\u00e4tzte Lesezeit\" \/>\n\t<meta name=\"twitter:data1\" content=\"1\u00a0Minute\" \/>\n<script type=\"application\/ld+json\" class=\"yoast-schema-graph\">{\"@context\":\"https:\\\/\\\/schema.org\",\"@graph\":[{\"@type\":\"WebPage\",\"@id\":\"https:\\\/\\\/tigges-fastener.com\\\/kontakt\\\/standort-kuala-lumpur\\\/\",\"url\":\"https:\\\/\\\/tigges-fastener.com\\\/kontakt\\\/standort-kuala-lumpur\\\/\",\"name\":\"Kontakt zum Standort Kuala Lumpur | TIGGES Fastener\",\"isPartOf\":{\"@id\":\"https:\\\/\\\/tigges-fastener.com\\\/en\\\/#website\"},\"datePublished\":\"2024-12-10T14:40:36+00:00\",\"dateModified\":\"2025-12-18T10:18:26+00:00\",\"description\":\"TIGGES Fastener in Kuala Lumpur: Vertrieb, Logistik & pers\u00f6nliche Ansprechpartner f\u00fcr S\u00fcdostasien. Jetzt Kontakt aufnehmen!\",\"breadcrumb\":{\"@id\":\"https:\\\/\\\/tigges-fastener.com\\\/kontakt\\\/standort-kuala-lumpur\\\/#breadcrumb\"},\"inLanguage\":\"de\",\"potentialAction\":[{\"@type\":\"ReadAction\",\"target\":[\"https:\\\/\\\/tigges-fastener.com\\\/kontakt\\\/standort-kuala-lumpur\\\/\"]}]},{\"@type\":\"BreadcrumbList\",\"@id\":\"https:\\\/\\\/tigges-fastener.com\\\/kontakt\\\/standort-kuala-lumpur\\\/#breadcrumb\",\"itemListElement\":[{\"@type\":\"ListItem\",\"position\":1,\"name\":\"Startseite\",\"item\":\"https:\\\/\\\/tigges-fastener.com\\\/\"},{\"@type\":\"ListItem\",\"position\":2,\"name\":\"Kontakt\",\"item\":\"https:\\\/\\\/tigges-fastener.com\\\/kontakt\\\/\"},{\"@type\":\"ListItem\",\"position\":3,\"name\":\"Standort Kuala Lumpur\"}]},{\"@type\":\"WebSite\",\"@id\":\"https:\\\/\\\/tigges-fastener.com\\\/en\\\/#website\",\"url\":\"https:\\\/\\\/tigges-fastener.com\\\/en\\\/\",\"name\":\"Tigges Fastener Technology\",\"description\":\"\",\"publisher\":{\"@id\":\"https:\\\/\\\/tigges-fastener.com\\\/en\\\/#organization\"},\"potentialAction\":[{\"@type\":\"SearchAction\",\"target\":{\"@type\":\"EntryPoint\",\"urlTemplate\":\"https:\\\/\\\/tigges-fastener.com\\\/en\\\/?s={search_term_string}\"},\"query-input\":{\"@type\":\"PropertyValueSpecification\",\"valueRequired\":true,\"valueName\":\"search_term_string\"}}],\"inLanguage\":\"de\"},{\"@type\":\"Organization\",\"@id\":\"https:\\\/\\\/tigges-fastener.com\\\/en\\\/#organization\",\"name\":\"Tigges Fastener Technology\",\"url\":\"https:\\\/\\\/tigges-fastener.com\\\/en\\\/\",\"logo\":{\"@type\":\"ImageObject\",\"inLanguage\":\"de\",\"@id\":\"https:\\\/\\\/tigges-fastener.com\\\/en\\\/#\\\/schema\\\/logo\\\/image\\\/\",\"url\":\"https:\\\/\\\/tigges-fastener.com\\\/wp-content\\\/uploads\\\/tigges_logo.svg\",\"contentUrl\":\"https:\\\/\\\/tigges-fastener.com\\\/wp-content\\\/uploads\\\/tigges_logo.svg\",\"width\":611,\"height\":205,\"caption\":\"Tigges Fastener Technology\"},\"image\":{\"@id\":\"https:\\\/\\\/tigges-fastener.com\\\/en\\\/#\\\/schema\\\/logo\\\/image\\\/\"}}]}<\/script>\n<!-- \/ Yoast SEO plugin. -->","yoast_head_json":{"title":"Kontakt zum Standort Kuala Lumpur | TIGGES Fastener","description":"TIGGES Fastener in Kuala Lumpur: Vertrieb, Logistik & pers\u00f6nliche Ansprechpartner f\u00fcr S\u00fcdostasien. Jetzt Kontakt aufnehmen!","robots":{"index":"index","follow":"follow","max-snippet":"max-snippet:-1","max-image-preview":"max-image-preview:large","max-video-preview":"max-video-preview:-1"},"canonical":"https:\/\/tigges-fastener.com\/kontakt\/standort-kuala-lumpur\/","og_locale":"de_DE","og_type":"article","og_title":"Kontakt zum Standort Kuala Lumpur | TIGGES Fastener","og_description":"TIGGES Fastener in Kuala Lumpur: Vertrieb, Logistik & pers\u00f6nliche Ansprechpartner f\u00fcr S\u00fcdostasien. Jetzt Kontakt aufnehmen!","og_url":"https:\/\/tigges-fastener.com\/kontakt\/standort-kuala-lumpur\/","og_site_name":"Tigges Fastener Technology","article_modified_time":"2025-12-18T10:18:26+00:00","twitter_card":"summary_large_image","twitter_misc":{"Gesch\u00e4tzte Lesezeit":"1\u00a0Minute"},"schema":{"@context":"https:\/\/schema.org","@graph":[{"@type":"WebPage","@id":"https:\/\/tigges-fastener.com\/kontakt\/standort-kuala-lumpur\/","url":"https:\/\/tigges-fastener.com\/kontakt\/standort-kuala-lumpur\/","name":"Kontakt zum Standort Kuala Lumpur | TIGGES Fastener","isPartOf":{"@id":"https:\/\/tigges-fastener.com\/en\/#website"},"datePublished":"2024-12-10T14:40:36+00:00","dateModified":"2025-12-18T10:18:26+00:00","description":"TIGGES Fastener in Kuala Lumpur: Vertrieb, Logistik & pers\u00f6nliche Ansprechpartner f\u00fcr S\u00fcdostasien. Jetzt Kontakt aufnehmen!","breadcrumb":{"@id":"https:\/\/tigges-fastener.com\/kontakt\/standort-kuala-lumpur\/#breadcrumb"},"inLanguage":"de","potentialAction":[{"@type":"ReadAction","target":["https:\/\/tigges-fastener.com\/kontakt\/standort-kuala-lumpur\/"]}]},{"@type":"BreadcrumbList","@id":"https:\/\/tigges-fastener.com\/kontakt\/standort-kuala-lumpur\/#breadcrumb","itemListElement":[{"@type":"ListItem","position":1,"name":"Startseite","item":"https:\/\/tigges-fastener.com\/"},{"@type":"ListItem","position":2,"name":"Kontakt","item":"https:\/\/tigges-fastener.com\/kontakt\/"},{"@type":"ListItem","position":3,"name":"Standort Kuala Lumpur"}]},{"@type":"WebSite","@id":"https:\/\/tigges-fastener.com\/en\/#website","url":"https:\/\/tigges-fastener.com\/en\/","name":"Tigges Fastener Technology","description":"","publisher":{"@id":"https:\/\/tigges-fastener.com\/en\/#organization"},"potentialAction":[{"@type":"SearchAction","target":{"@type":"EntryPoint","urlTemplate":"https:\/\/tigges-fastener.com\/en\/?s={search_term_string}"},"query-input":{"@type":"PropertyValueSpecification","valueRequired":true,"valueName":"search_term_string"}}],"inLanguage":"de"},{"@type":"Organization","@id":"https:\/\/tigges-fastener.com\/en\/#organization","name":"Tigges Fastener Technology","url":"https:\/\/tigges-fastener.com\/en\/","logo":{"@type":"ImageObject","inLanguage":"de","@id":"https:\/\/tigges-fastener.com\/en\/#\/schema\/logo\/image\/","url":"https:\/\/tigges-fastener.com\/wp-content\/uploads\/tigges_logo.svg","contentUrl":"https:\/\/tigges-fastener.com\/wp-content\/uploads\/tigges_logo.svg","width":611,"height":205,"caption":"Tigges Fastener Technology"},"image":{"@id":"https:\/\/tigges-fastener.com\/en\/#\/schema\/logo\/image\/"}}]}},"_links":{"self":[{"href":"https:\/\/tigges-fastener.com\/de\/wp-json\/wp\/v2\/pages\/471","targetHints":{"allow":["GET"]}}],"collection":[{"href":"https:\/\/tigges-fastener.com\/de\/wp-json\/wp\/v2\/pages"}],"about":[{"href":"https:\/\/tigges-fastener.com\/de\/wp-json\/wp\/v2\/types\/page"}],"author":[{"embeddable":true,"href":"https:\/\/tigges-fastener.com\/de\/wp-json\/wp\/v2\/users\/1"}],"replies":[{"embeddable":true,"href":"https:\/\/tigges-fastener.com\/de\/wp-json\/wp\/v2\/comments?post=471"}],"version-history":[{"count":10,"href":"https:\/\/tigges-fastener.com\/de\/wp-json\/wp\/v2\/pages\/471\/revisions"}],"predecessor-version":[{"id":3824,"href":"https:\/\/tigges-fastener.com\/de\/wp-json\/wp\/v2\/pages\/471\/revisions\/3824"}],"up":[{"embeddable":true,"href":"https:\/\/tigges-fastener.com\/de\/wp-json\/wp\/v2\/pages\/1445"}],"wp:attachment":[{"href":"https:\/\/tigges-fastener.com\/de\/wp-json\/wp\/v2\/media?parent=471"}],"curies":[{"name":"wp","href":"https:\/\/api.w.org\/{rel}","templated":true}]}}