{"id":3704,"date":"2025-10-08T13:06:21","date_gmt":"2025-10-08T11:06:21","guid":{"rendered":"https:\/\/tigges.pixel-tal.de\/?page_id=3704"},"modified":"2025-12-18T11:19:07","modified_gmt":"2025-12-18T10:19:07","slug":"standort-japan","status":"publish","type":"page","link":"https:\/\/tigges-fastener.com\/de\/kontakt\/standort-japan\/","title":{"rendered":"Standort Japan"},"content":{"rendered":"<section id=\"f41c1994\" class=\"hero hero-f41c1994 hero--default\" data-theme=\"dark\">\r\n\t\t\t\t\t\t\t\t<div class=\"acf-innerblocks-container\">\n\r\n\t\t\t       \r\n                    \r\n            <div id=\"284d7c92\" class=\"hero-item hero-item-284d7c92 hero-item--image\">\r\n\t\t\t\t<div class=\"hero-canvas\">\r\n\r\n\t\t\t\t\t<div class=\"acf-innerblocks-container\"><\/div>\r\n\r\n\t\t\t\t\t\r\n\t\t\t\t<\/div>\r\n\t\t\t\t<div class=\"hero-media hero-media-image\"><img loading=\"lazy\" decoding=\"async\" width=\"1920\" height=\"720\" src=\"https:\/\/tigges-fastener.com\/wp-content\/uploads\/tigges_header_standort_japan.jpg\" class=\"attachment-full size-full\" alt=\"Mitarbeiter in einem modernen B\u00fcro am Computer, im Hintergrund arbeitet eine weitere Person\" srcset=\"https:\/\/tigges-fastener.com\/wp-content\/uploads\/tigges_header_standort_japan.jpg 1920w, https:\/\/tigges-fastener.com\/wp-content\/uploads\/tigges_header_standort_japan-300x113.jpg 300w, https:\/\/tigges-fastener.com\/wp-content\/uploads\/tigges_header_standort_japan-1024x384.jpg 1024w, https:\/\/tigges-fastener.com\/wp-content\/uploads\/tigges_header_standort_japan-768x288.jpg 768w, https:\/\/tigges-fastener.com\/wp-content\/uploads\/tigges_header_standort_japan-1536x576.jpg 1536w, https:\/\/tigges-fastener.com\/wp-content\/uploads\/tigges_header_standort_japan-1x1.jpg 1w\" sizes=\"auto, (max-width: 1920px) 100vw, 1920px\" \/><\/div>            <\/div>\r\n\t\t\t\t\r\n            \r\n\t\t\t\r\n        \r\n            \n<\/div>\r\n\t\t\t\t\t\t\t\t<!-- \t\t\t\t\t<a class=\"hero-action smooth-scroll\" href=\"#start\">\r\n\t\t\t\t\t\t<span class=\"hero-scroll\" href=\"#start\"><\/span>\r\n\t\t\t\t\t\t<span class=\"hero-scroll-arrow\"><\/span>\r\n\t\t\t\t\t<\/a>\r\n\t\t\t\t -->\r\n\t\t\t\t<div id=\"start\"><\/div>\r\n\t\t\t<\/section>\r\n\t\t\t\t\r\n\t\t\t\r\n\t\t\t        \r\n            \n\n<section id=\"0d7fa00c\" class=\"gb-section gb-container gb-container-0d7fa00c\" data-container-type=\"section\" data-theme=\"dark\">\n<div id=\"99367486\" class=\"gb-inner-section gb-container gb-container-99367486\" data-container-type=\"container\" data-theme=\"inherit\">\n<div class=\"gb-grid-wrapper gb-grid-wrapper-02ec0c2b\">\n<div class=\"gb-grid-column gb-grid-column-d2d9b1d3\"><section id=\"d2d9b1d3\" class=\"gb-container gb-container-d2d9b1d3\" data-container-type=\"container\" data-theme=\"inherit\">\n\n<div class=\"wp-block-pixel-headline headlines --subheadline-bottom has-text-align-left\"><h1 class=\"headline --h2\" style=\"color:\">Kontaktdaten <br><strong>K\u014dbe City, <\/strong><strong>Japan<\/strong><\/h1><\/div>\n\n<\/section><\/div>\n\n<div class=\"gb-grid-column gb-grid-column-d3b84f00\"><section id=\"d3b84f00\" class=\"gb-container gb-container-d3b84f00\" data-container-type=\"container\" data-theme=\"inherit\">\n\n<p><strong>Tigges Fastener Technology Co. Ltd.<br><\/strong>1-21-16 Sumiyoshimiya-machi<br>Higashinada-ku<br>K\u014dbe City, Hyoga<br>Japan<\/p>\n\n<\/section><\/div>\n\n<div class=\"gb-grid-column gb-grid-column-35a684cc\"><section id=\"35a684cc\" class=\"gb-container gb-container-35a684cc\" data-container-type=\"container\" data-theme=\"inherit\">\n\n<p>Telefon: <a href=\"tel:+81 (0) 78 843 3067 \/ 3099\" target=\"_blank\" rel=\"noreferrer noopener\">+81 (0) 78 843 3067 \/ 3099<\/a><br>Fax: +81 (0) 78 843 1909<br>E-Mail: <a href=\"mailto:info@tigges.co.jp\">info@tigges.co.jp<\/a><\/p>\n\n<\/section><\/div>\n<\/div>\n<\/div>\n<\/section>\n\n<section id=\"20acbc6c\" class=\"gb-section gb-container gb-container-20acbc6c\" data-container-type=\"section\" data-theme=\"dark\">\n<div id=\"fbef7db2\" class=\"gb-inner-section gb-container gb-container-fbef7db2\" data-container-type=\"container\" data-theme=\"inherit\">\n\n<div class=\"wp-block-pixel-headline headlines --subheadline-bottom has-text-align-left\"><h2 class=\"headline\" style=\"color:\">Ansprechpartner<\/h2><\/div>\n\n\n\n            \n                \n                <div id=\"903847f1\" class=\"grid grid-903847f1 grid-contact grid-columns-3\" style=\"--grid-columns:3;--grid-gap:2.5rem;\">\n                    <div class=\"grid-inner\"><div class=\"grid-item\"><div class=\"card card-contact card-contact-3707\" >\r\n\t\t\t\t<div class=\"card-media\"><img loading=\"lazy\" decoding=\"async\" width=\"513\" height=\"375\" src=\"https:\/\/tigges-fastener.com\/wp-content\/uploads\/ansprechperson-kensuke-dairiki.jpg\" class=\"attachment-contact size-contact\" alt=\"Portr\u00e4t eines l\u00e4chelnden Gesch\u00e4ftsmannes im Anzug vor einem modernen B\u00fcrohintergrund.\" srcset=\"https:\/\/tigges-fastener.com\/wp-content\/uploads\/ansprechperson-kensuke-dairiki.jpg 513w, https:\/\/tigges-fastener.com\/wp-content\/uploads\/ansprechperson-kensuke-dairiki-300x219.jpg 300w, https:\/\/tigges-fastener.com\/wp-content\/uploads\/ansprechperson-kensuke-dairiki-1x1.jpg 1w\" sizes=\"auto, (max-width: 513px) 100vw, 513px\" \/><\/div>\t\t\t\t\r\n\t\t\t\t<div class=\"card-content\">\r\n\t\t\t\t\t<div class=\"card-inner\">\r\n\t\t\t\t\t\t<div class=\"card-headlines headlines --subheadline-bottom\"><span class=\"card-headline headline --h3\">Kensuke Dairiki<\/span><span class=\"card-subheadline subheadline\">Gesch\u00e4ftsf\u00fchrer<\/span><\/div>\t\t\t\t\t<\/div>\r\n\r\n\t\t\t\t\t<div class=\"card-action\"><div class=\"card-action-inner\"><div class=\"action-item action-phone\"><a href=\"tel:+81(0)7884330673099\">+81 (0) 78 843 3067 \/ 3099<\/a><\/div><div class=\"action-item action-mobile\"><a href=\"tel:\"><\/a><\/div><div class=\"action-item action-fax\"><\/div><div class=\"action-item action-email\"><a href=\"mailto:\"><\/a><\/div><\/div><\/div>\t\t\t\t<\/div>\r\n\t\t\t<\/div><\/div><\/div>\n                                    <\/div>\n\n            \n            \n            <!-- end:grid -->\n            \n<\/div>\n<\/section>","protected":false},"excerpt":{"rendered":"","protected":false},"author":1,"featured_media":0,"parent":1445,"menu_order":3,"comment_status":"closed","ping_status":"closed","template":"","meta":{"_acf_changed":false,"footnotes":""},"class_list":["post-3704","page","type-page","status-publish"],"acf":[],"yoast_head":"<!-- This site is optimized with the Yoast SEO plugin v27.3 - https:\/\/yoast.com\/product\/yoast-seo-wordpress\/ -->\n<title>Kontakt zum Standort Japan | TIGGES Fastener<\/title>\n<meta name=\"description\" content=\"TIGGES Fastener in Japan: Standort K\u014dbe mit direktem Ansprechpartner f\u00fcr Vertrieb &amp; Technik. Jetzt Kontakt aufnehmen!\" \/>\n<meta name=\"robots\" content=\"index, follow, max-snippet:-1, max-image-preview:large, max-video-preview:-1\" \/>\n<link rel=\"canonical\" href=\"https:\/\/tigges-fastener.com\/kontakt\/standort-japan\/\" \/>\n<meta property=\"og:locale\" content=\"de_DE\" \/>\n<meta property=\"og:type\" content=\"article\" \/>\n<meta property=\"og:title\" content=\"Kontakt zum Standort Japan | TIGGES Fastener\" \/>\n<meta property=\"og:description\" content=\"TIGGES Fastener in Japan: Standort K\u014dbe mit direktem Ansprechpartner f\u00fcr Vertrieb &amp; Technik. Jetzt Kontakt aufnehmen!\" \/>\n<meta property=\"og:url\" content=\"https:\/\/tigges-fastener.com\/kontakt\/standort-japan\/\" \/>\n<meta property=\"og:site_name\" content=\"Tigges Fastener Technology\" \/>\n<meta property=\"article:modified_time\" content=\"2025-12-18T10:19:07+00:00\" \/>\n<meta name=\"twitter:card\" content=\"summary_large_image\" \/>\n<meta name=\"twitter:label1\" content=\"Gesch\u00e4tzte Lesezeit\" \/>\n\t<meta name=\"twitter:data1\" content=\"1\u00a0Minute\" \/>\n<script type=\"application\/ld+json\" class=\"yoast-schema-graph\">{\"@context\":\"https:\\\/\\\/schema.org\",\"@graph\":[{\"@type\":\"WebPage\",\"@id\":\"https:\\\/\\\/tigges-fastener.com\\\/kontakt\\\/standort-japan\\\/\",\"url\":\"https:\\\/\\\/tigges-fastener.com\\\/kontakt\\\/standort-japan\\\/\",\"name\":\"Kontakt zum Standort Japan | TIGGES Fastener\",\"isPartOf\":{\"@id\":\"https:\\\/\\\/tigges-fastener.com\\\/en\\\/#website\"},\"datePublished\":\"2025-10-08T11:06:21+00:00\",\"dateModified\":\"2025-12-18T10:19:07+00:00\",\"description\":\"TIGGES Fastener in Japan: Standort K\u014dbe mit direktem Ansprechpartner f\u00fcr Vertrieb & Technik. Jetzt Kontakt aufnehmen!\",\"breadcrumb\":{\"@id\":\"https:\\\/\\\/tigges-fastener.com\\\/kontakt\\\/standort-japan\\\/#breadcrumb\"},\"inLanguage\":\"de\",\"potentialAction\":[{\"@type\":\"ReadAction\",\"target\":[\"https:\\\/\\\/tigges-fastener.com\\\/kontakt\\\/standort-japan\\\/\"]}]},{\"@type\":\"BreadcrumbList\",\"@id\":\"https:\\\/\\\/tigges-fastener.com\\\/kontakt\\\/standort-japan\\\/#breadcrumb\",\"itemListElement\":[{\"@type\":\"ListItem\",\"position\":1,\"name\":\"Startseite\",\"item\":\"https:\\\/\\\/tigges-fastener.com\\\/\"},{\"@type\":\"ListItem\",\"position\":2,\"name\":\"Kontakt\",\"item\":\"https:\\\/\\\/tigges-fastener.com\\\/kontakt\\\/\"},{\"@type\":\"ListItem\",\"position\":3,\"name\":\"Standort Japan\"}]},{\"@type\":\"WebSite\",\"@id\":\"https:\\\/\\\/tigges-fastener.com\\\/en\\\/#website\",\"url\":\"https:\\\/\\\/tigges-fastener.com\\\/en\\\/\",\"name\":\"Tigges Fastener Technology\",\"description\":\"\",\"publisher\":{\"@id\":\"https:\\\/\\\/tigges-fastener.com\\\/en\\\/#organization\"},\"potentialAction\":[{\"@type\":\"SearchAction\",\"target\":{\"@type\":\"EntryPoint\",\"urlTemplate\":\"https:\\\/\\\/tigges-fastener.com\\\/en\\\/?s={search_term_string}\"},\"query-input\":{\"@type\":\"PropertyValueSpecification\",\"valueRequired\":true,\"valueName\":\"search_term_string\"}}],\"inLanguage\":\"de\"},{\"@type\":\"Organization\",\"@id\":\"https:\\\/\\\/tigges-fastener.com\\\/en\\\/#organization\",\"name\":\"Tigges Fastener Technology\",\"url\":\"https:\\\/\\\/tigges-fastener.com\\\/en\\\/\",\"logo\":{\"@type\":\"ImageObject\",\"inLanguage\":\"de\",\"@id\":\"https:\\\/\\\/tigges-fastener.com\\\/en\\\/#\\\/schema\\\/logo\\\/image\\\/\",\"url\":\"https:\\\/\\\/tigges-fastener.com\\\/wp-content\\\/uploads\\\/tigges_logo.svg\",\"contentUrl\":\"https:\\\/\\\/tigges-fastener.com\\\/wp-content\\\/uploads\\\/tigges_logo.svg\",\"width\":611,\"height\":205,\"caption\":\"Tigges Fastener Technology\"},\"image\":{\"@id\":\"https:\\\/\\\/tigges-fastener.com\\\/en\\\/#\\\/schema\\\/logo\\\/image\\\/\"}}]}<\/script>\n<!-- \/ Yoast SEO plugin. -->","yoast_head_json":{"title":"Kontakt zum Standort Japan | TIGGES Fastener","description":"TIGGES Fastener in Japan: Standort K\u014dbe mit direktem Ansprechpartner f\u00fcr Vertrieb & Technik. Jetzt Kontakt aufnehmen!","robots":{"index":"index","follow":"follow","max-snippet":"max-snippet:-1","max-image-preview":"max-image-preview:large","max-video-preview":"max-video-preview:-1"},"canonical":"https:\/\/tigges-fastener.com\/kontakt\/standort-japan\/","og_locale":"de_DE","og_type":"article","og_title":"Kontakt zum Standort Japan | TIGGES Fastener","og_description":"TIGGES Fastener in Japan: Standort K\u014dbe mit direktem Ansprechpartner f\u00fcr Vertrieb & Technik. Jetzt Kontakt aufnehmen!","og_url":"https:\/\/tigges-fastener.com\/kontakt\/standort-japan\/","og_site_name":"Tigges Fastener Technology","article_modified_time":"2025-12-18T10:19:07+00:00","twitter_card":"summary_large_image","twitter_misc":{"Gesch\u00e4tzte Lesezeit":"1\u00a0Minute"},"schema":{"@context":"https:\/\/schema.org","@graph":[{"@type":"WebPage","@id":"https:\/\/tigges-fastener.com\/kontakt\/standort-japan\/","url":"https:\/\/tigges-fastener.com\/kontakt\/standort-japan\/","name":"Kontakt zum Standort Japan | TIGGES Fastener","isPartOf":{"@id":"https:\/\/tigges-fastener.com\/en\/#website"},"datePublished":"2025-10-08T11:06:21+00:00","dateModified":"2025-12-18T10:19:07+00:00","description":"TIGGES Fastener in Japan: Standort K\u014dbe mit direktem Ansprechpartner f\u00fcr Vertrieb & Technik. Jetzt Kontakt aufnehmen!","breadcrumb":{"@id":"https:\/\/tigges-fastener.com\/kontakt\/standort-japan\/#breadcrumb"},"inLanguage":"de","potentialAction":[{"@type":"ReadAction","target":["https:\/\/tigges-fastener.com\/kontakt\/standort-japan\/"]}]},{"@type":"BreadcrumbList","@id":"https:\/\/tigges-fastener.com\/kontakt\/standort-japan\/#breadcrumb","itemListElement":[{"@type":"ListItem","position":1,"name":"Startseite","item":"https:\/\/tigges-fastener.com\/"},{"@type":"ListItem","position":2,"name":"Kontakt","item":"https:\/\/tigges-fastener.com\/kontakt\/"},{"@type":"ListItem","position":3,"name":"Standort Japan"}]},{"@type":"WebSite","@id":"https:\/\/tigges-fastener.com\/en\/#website","url":"https:\/\/tigges-fastener.com\/en\/","name":"Tigges Fastener Technology","description":"","publisher":{"@id":"https:\/\/tigges-fastener.com\/en\/#organization"},"potentialAction":[{"@type":"SearchAction","target":{"@type":"EntryPoint","urlTemplate":"https:\/\/tigges-fastener.com\/en\/?s={search_term_string}"},"query-input":{"@type":"PropertyValueSpecification","valueRequired":true,"valueName":"search_term_string"}}],"inLanguage":"de"},{"@type":"Organization","@id":"https:\/\/tigges-fastener.com\/en\/#organization","name":"Tigges Fastener Technology","url":"https:\/\/tigges-fastener.com\/en\/","logo":{"@type":"ImageObject","inLanguage":"de","@id":"https:\/\/tigges-fastener.com\/en\/#\/schema\/logo\/image\/","url":"https:\/\/tigges-fastener.com\/wp-content\/uploads\/tigges_logo.svg","contentUrl":"https:\/\/tigges-fastener.com\/wp-content\/uploads\/tigges_logo.svg","width":611,"height":205,"caption":"Tigges Fastener Technology"},"image":{"@id":"https:\/\/tigges-fastener.com\/en\/#\/schema\/logo\/image\/"}}]}},"_links":{"self":[{"href":"https:\/\/tigges-fastener.com\/de\/wp-json\/wp\/v2\/pages\/3704","targetHints":{"allow":["GET"]}}],"collection":[{"href":"https:\/\/tigges-fastener.com\/de\/wp-json\/wp\/v2\/pages"}],"about":[{"href":"https:\/\/tigges-fastener.com\/de\/wp-json\/wp\/v2\/types\/page"}],"author":[{"embeddable":true,"href":"https:\/\/tigges-fastener.com\/de\/wp-json\/wp\/v2\/users\/1"}],"replies":[{"embeddable":true,"href":"https:\/\/tigges-fastener.com\/de\/wp-json\/wp\/v2\/comments?post=3704"}],"version-history":[{"count":9,"href":"https:\/\/tigges-fastener.com\/de\/wp-json\/wp\/v2\/pages\/3704\/revisions"}],"predecessor-version":[{"id":3837,"href":"https:\/\/tigges-fastener.com\/de\/wp-json\/wp\/v2\/pages\/3704\/revisions\/3837"}],"up":[{"embeddable":true,"href":"https:\/\/tigges-fastener.com\/de\/wp-json\/wp\/v2\/pages\/1445"}],"wp:attachment":[{"href":"https:\/\/tigges-fastener.com\/de\/wp-json\/wp\/v2\/media?parent=3704"}],"curies":[{"name":"wp","href":"https:\/\/api.w.org\/{rel}","templated":true}]}}