{"id":310,"date":"2024-12-10T12:52:49","date_gmt":"2024-12-10T11:52:49","guid":{"rendered":"https:\/\/tigges.pixel-tal.de\/logistik\/"},"modified":"2025-12-18T11:08:46","modified_gmt":"2025-12-18T10:08:46","slug":"logistik","status":"publish","type":"page","link":"https:\/\/tigges-fastener.com\/de\/service\/logistik\/","title":{"rendered":"Logistik"},"content":{"rendered":"<section id=\"82100235\" class=\"hero hero-82100235 hero--default\" data-theme=\"dark\">\r\n\t\t\t\t\t\t\t\t<div class=\"acf-innerblocks-container\">\n\r\n\t\t\t       \r\n                    \r\n            <div id=\"5bac4ddf\" class=\"hero-item hero-item-5bac4ddf hero-item--image\">\r\n\t\t\t\t<div class=\"hero-canvas\">\r\n\r\n\t\t\t\t\t<div class=\"acf-innerblocks-container\"><\/div>\r\n\r\n\t\t\t\t\t\r\n\t\t\t\t<\/div>\r\n\t\t\t\t<div class=\"hero-media hero-media-image\"><img loading=\"lazy\" decoding=\"async\" width=\"1920\" height=\"720\" src=\"https:\/\/tigges-fastener.com\/wp-content\/uploads\/kopfbild_logistik-1.jpg\" class=\"attachment-full size-full\" alt=\"\" srcset=\"https:\/\/tigges-fastener.com\/wp-content\/uploads\/kopfbild_logistik-1.jpg 1920w, https:\/\/tigges-fastener.com\/wp-content\/uploads\/kopfbild_logistik-1-300x113.jpg 300w, https:\/\/tigges-fastener.com\/wp-content\/uploads\/kopfbild_logistik-1-1024x384.jpg 1024w, https:\/\/tigges-fastener.com\/wp-content\/uploads\/kopfbild_logistik-1-768x288.jpg 768w, https:\/\/tigges-fastener.com\/wp-content\/uploads\/kopfbild_logistik-1-1536x576.jpg 1536w, https:\/\/tigges-fastener.com\/wp-content\/uploads\/kopfbild_logistik-1-1x1.jpg 1w\" sizes=\"auto, (max-width: 1920px) 100vw, 1920px\" \/><\/div>            <\/div>\r\n\t\t\t\t\r\n            \r\n\t\t\t\r\n        \r\n            \n<\/div>\r\n\t\t\t\t\t\t\t\t<!-- \t\t\t\t\t<a class=\"hero-action smooth-scroll\" href=\"#start\">\r\n\t\t\t\t\t\t<span class=\"hero-scroll\" href=\"#start\"><\/span>\r\n\t\t\t\t\t\t<span class=\"hero-scroll-arrow\"><\/span>\r\n\t\t\t\t\t<\/a>\r\n\t\t\t\t -->\r\n\t\t\t\t<div id=\"start\"><\/div>\r\n\t\t\t<\/section>\r\n\t\t\t\t\r\n\t\t\t\r\n\t\t\t        \r\n            \n\n<section id=\"d514254b\" class=\"gb-section gb-container gb-container-d514254b\" data-container-type=\"section\" data-theme=\"dark\">\n<div id=\"12d89af5\" class=\"gb-inner-section gb-container gb-container-12d89af5\" data-container-type=\"container\" data-theme=\"inherit\">\n\n<div class=\"wp-block-pixel-headline headlines --subheadline-bottom has-text-align-left\"><h1 class=\"headline --h2\" style=\"color:\"><strong>Logistik<\/strong><\/h1><\/div>\n\n\n\n<p>Qualit\u00e4t umfasst bei uns auch alle Serviceleistungen, die den Workflow unserer Kunden ber\u00fchren. So bieten wir ma\u00dfgeschneiderte Logistikkonzepte, abgestimmt auf Ihre individuellen Betriebsabl\u00e4ufe und pers\u00f6nlichen W\u00fcnsche. Ob just in time, auf Abruf, Konsignation oder VMI\/Kanban \u2013 wir sorgen f\u00fcr ein reibungsloses C-Teile-Management, das Ihren st\u00f6rungsfreien Produktionsfluss sicherstellt und keinen Aufwand kostet.<\/p>\n\n<\/div>\n<\/section>\n\n<section id=\"99c33652\" class=\"gb-section gb-container gb-container-99c33652\" data-container-type=\"section\" data-theme=\"dark\">\n<div id=\"09728c9c\" class=\"gb-inner-section gb-container gb-container-09728c9c\" data-container-type=\"container\" data-theme=\"inherit\">\n<div class=\"gb-grid-wrapper gb-grid-wrapper-2cb2c7c5\">\n<div class=\"gb-grid-column gb-grid-column-87d9474c\"><div id=\"87d9474c\" class=\"gb-container gb-container-87d9474c\" data-container-type=\"container\" data-theme=\"inherit\">\n\r\n\t\t\t       \r\n            \r\n\t\t\t<div id=\"5bf02522\" class=\"imagecard imagecard-5bf02522 layout-standard no-link\">\r\n\t\t\t\t<div class=\"imagecard-image\"><img decoding=\"async\" src=\"https:\/\/tigges-fastener.com\/wp-content\/uploads\/content_bedarfssynchrone-lieferung.jpg\" alt=\"imagecard-image\"><\/div><div class=\"imagecard-content\"><div class=\"imagecard-headline\">Bedarfssynchrone Lieferung\n<\/div><div class=\"imagecard-copytext\"><p>Just in time bedeutet mehr als schnelle Lieferung auf Abruf. Um mit dem schlanken Lieferverfahren wirtschaftlichen Nutzen zu erzielen, ist unbedingte Zuverl\u00e4ssigkeit Voraussetzung, weil durch den Wegfall der Lagerhaltung auch keine Puffer existieren, die Lieferantenschw\u00e4chen ausgleichen k\u00f6nnten.<\/p>\n<p>Deshalb sorgen wir mit pr\u00e4ziser Planung und \u00dcberwachung unserer Prozesse und Ressourcen f\u00fcr eine konsequent abgesicherte Lieferf\u00e4higkeit, auf die Sie sich verlassen k\u00f6nnen.<\/p>\n<\/div><\/div>\t\t\t<\/div>\r\n\t\r\n\t\t\t\r\n\t\t\t        \r\n            \n<\/div><\/div>\n\n<div class=\"gb-grid-column gb-grid-column-e7829c1a\"><div id=\"e7829c1a\" class=\"gb-container gb-container-e7829c1a\" data-container-type=\"container\" data-theme=\"inherit\">\n\r\n\t\t\t       \r\n            \r\n\t\t\t<div id=\"0f218079\" class=\"imagecard imagecard-0f218079 layout-standard no-link\">\r\n\t\t\t\t<div class=\"imagecard-image\"><img decoding=\"async\" src=\"https:\/\/tigges-fastener.com\/wp-content\/uploads\/content_konsi-lager.jpg\" alt=\"imagecard-image\"><\/div><div class=\"imagecard-content\"><div class=\"imagecard-headline\">Konsi-Lager\n<\/div><div class=\"imagecard-copytext\"><p>Langfristige und vertrauensvolle Gesch\u00e4ftsverbindungen sind typisch f\u00fcr uns. Deshalb sind Konsignationslager ein \u00fcbliches Verfahren, unseren Kunden die ben\u00f6tigten Produkte bedarfsgerecht zur Verf\u00fcgung zu stellen. Direkt in Ihrem Hause lagern wir die geplanten Mengen ein \u2013 als Lieferzeitpunkt gilt der Augenblick der Entnahme \u2013 und die Fakturierung gestalten wir nach Ihren Vorgaben. So f\u00fcgen wir uns perfekt in Ihre Materialwirtschaftsprozesse ein \u2013 effizient und reibungslos.<\/p>\n<\/div><\/div>\t\t\t<\/div>\r\n\t\r\n\t\t\t\r\n\t\t\t        \r\n            \n<\/div><\/div>\n<\/div>\n<\/div>\n<\/section>\n\n\t\t\t\t\t\t\r\n            \r\n            <div id=\"b7f07850\" class=\"image-section image-section-b7f07850 image-right background-black\">\r\n\t\t\t<div class=\"image-section-image\" style=\"background: url('https:\/\/tigges-fastener.com\/wp-content\/uploads\/content_vendor_managed_inventory_de_de.jpg'); background-repeat: no-repeat; background-size:contain; background-position: center; background-color:#015176\"><\/div>\r\n\t\t\t<div class=\"gb-section image-section-content content-center\">\r\n\t\t\t\t<div class=\"image-section-content-inner\">\n\n<div class=\"wp-block-pixel-headline headlines --subheadline-bottom has-text-align-left\"><h2 class=\"headline\" style=\"color:\"><strong>Vendor managed inventory (VMI)<\/strong>&nbsp; und Kanban<\/h2><\/div>\n\n\n\n<p>So viele wie n\u00f6tig, so wenige wie m\u00f6glich: Die VMI-Lagerung erm\u00f6glicht Ihnen maximale Wirtschaftlichkeit und Flexibilit\u00e4t in modernen Montagelinien. Wir sorgen f\u00fcr eine zuverl\u00e4ssige Vor-Ort-Versorgung mit allen notwendigen Verbindungselementen.<\/p>\n\n\n\n<p>Beim VMI-System stehen f\u00fcr jeden Artikel im Montagebereich zwei Beh\u00e4lter zur Verf\u00fcgung. Wenn der erste leer ist, r\u00fcckt der zweite nach und sorgt f\u00fcr einen kontinuierlichen Nachschub. Der leere Beh\u00e4lter wird zu einer vordefinierten Sammelstelle gebracht, von uns bef\u00fcllt und wieder in das VMI-Regal integriert. Ein reibungsloses Dokumentenmanagement reduziert \u00dcberwachungsaufwand und -kosten (auch bei Nutzungs\u00e4nderungen) durch die Bereitstellung von St\u00fccklisten und Rechnungen, die in Ihr ERP-System integriert werden.<\/p>\n\n<\/div>\r\n\t\t\t\t<\/div>\r\n\t\t\t<\/div>\r\n\t\r\n\t\t\t\r\n\t\t\t        \r\n            \n\n<section id=\"89f673b8\" class=\"gb-section gb-container gb-container-89f673b8\" data-container-type=\"section\" data-theme=\"dark\">\n<div id=\"2bf4c565\" class=\"gb-inner-section gb-container gb-container-2bf4c565\" data-container-type=\"container\" data-theme=\"inherit\">\n\n<div class=\"wp-block-pixel-headline headlines --subheadline-bottom has-text-align-left\"><h2 class=\"headline\" style=\"color:\">Unser Team von&nbsp;<strong>Tigges hilft Ihnen weiter<\/strong><\/h2><span class=\"subheadline\" style=\"color:\">Nutzen Sie unser Kontaktformular<\/span><\/div>\n\n\n<div class=\"contact-area\" style=\"--contacts-count:0;\"><div class=\"card card-address\">\n\t<div class=\"card-address-image\"><img decoding=\"async\" src=\"\/wp-content\/uploads\/content_contact.jpg\"><\/div>\n\t<div class=\"card-address-copytext\">\n\t\t<div class=\"card-address-headline\">Tigges Fastener<br>Technology (M) Sdn. Bhd.<\/div><br>\n\t\tTelefon: <a href=\"tel: +60 (0) 5 29 22 781\">+60 (0) 5 29 22 781<\/a><br>\n\t\tFax: +60 (0) 5 29 11 050<br>\n\t\tE-Mail: <a href=\"mailto:info@tigges.com.my\">info@tigges.com.my<\/a>\n\t<\/div>\t\t\t\t\t\t\n<\/div><div class=\"contact-area-form\">\n<div class=\"wpcf7 no-js\" id=\"wpcf7-f7-o1\" lang=\"de-DE\" dir=\"ltr\" data-wpcf7-id=\"7\">\n<div class=\"screen-reader-response\"><p role=\"status\" aria-live=\"polite\" aria-atomic=\"true\"><\/p> <ul><\/ul><\/div>\n<form action=\"\/de\/wp-json\/wp\/v2\/pages\/310#wpcf7-f7-o1\" method=\"post\" class=\"wpcf7-form init\" aria-label=\"Kontaktformular\" novalidate=\"novalidate\" data-status=\"init\">\n<fieldset class=\"hidden-fields-container\"><input type=\"hidden\" name=\"_wpcf7\" value=\"7\" \/><input type=\"hidden\" name=\"_wpcf7_version\" value=\"6.1.5\" \/><input type=\"hidden\" name=\"_wpcf7_locale\" value=\"de_DE\" \/><input type=\"hidden\" name=\"_wpcf7_unit_tag\" value=\"wpcf7-f7-o1\" \/><input type=\"hidden\" name=\"_wpcf7_container_post\" value=\"0\" \/><input type=\"hidden\" name=\"_wpcf7_posted_data_hash\" value=\"\" \/><input type=\"hidden\" name=\"_wpcf7_recaptcha_response\" value=\"\" \/>\n<\/fieldset>\n<div class=\"form-fields\">\n<div class=\"form-field half\"><span class=\"wpcf7-form-control-wrap\" data-name=\"fullname\"><input size=\"40\" maxlength=\"400\" class=\"wpcf7-form-control wpcf7-text wpcf7-validates-as-required\" aria-required=\"true\" aria-invalid=\"false\" placeholder=\"Name\" value=\"\" type=\"text\" name=\"fullname\" \/><\/span><\/div>\n<div class=\"form-field half\"><span class=\"wpcf7-form-control-wrap\" data-name=\"company\"><input size=\"40\" maxlength=\"400\" class=\"wpcf7-form-control wpcf7-text wpcf7-validates-as-required\" aria-required=\"true\" aria-invalid=\"false\" placeholder=\"Firma\" value=\"\" type=\"text\" name=\"company\" \/><\/span><\/div>\n<div class=\"form-field half\"><span class=\"wpcf7-form-control-wrap\" data-name=\"your-email\"><input size=\"40\" maxlength=\"400\" class=\"wpcf7-form-control wpcf7-email wpcf7-validates-as-required wpcf7-text wpcf7-validates-as-email\" aria-required=\"true\" aria-invalid=\"false\" placeholder=\"E-Mail\" value=\"\" type=\"email\" name=\"your-email\" \/><\/span><\/div>\n<div class=\"form-field half\"><span class=\"wpcf7-form-control-wrap\" data-name=\"phone\"><input size=\"40\" maxlength=\"400\" class=\"wpcf7-form-control wpcf7-text\" aria-invalid=\"false\" placeholder=\"Telefon\" value=\"\" type=\"text\" name=\"phone\" \/><\/span><\/div>\n<div class=\"form-field full\"><span class=\"wpcf7-form-control-wrap\" data-name=\"message\"><textarea cols=\"40\" rows=\"4\" maxlength=\"2000\" class=\"wpcf7-form-control wpcf7-textarea\" aria-invalid=\"false\" placeholder=\"Nachricht\" name=\"message\"><\/textarea><\/span><\/div>\n<div class=\"form-field full\"><span class=\"form-subheadline\">Upload<\/span><span class=\"wpcf7-form-control-wrap\" data-name=\"upload\"><input size=\"40\" class=\"wpcf7-form-control wpcf7-drag-n-drop-file d-none\" aria-invalid=\"false\" type=\"file\" multiple=\"multiple\" data-name=\"upload\" data-type=\"pdf\" data-limit=\"10000000\" data-min=\"1\" data-max=\"5\" data-id=\"7\" data-version=\"free version 1.3.9.6\" accept=\".pdf\" \/><\/span><\/div>\n<\/div>\n<div class=\"form-footer\">\n<div class=\"form-field\"><div class=\"checkbox-entry\"><span class=\"wpcf7-form-control-wrap\" data-name=\"privacy\"><span class=\"wpcf7-form-control wpcf7-acceptance\"><span class=\"wpcf7-list-item\"><input type=\"checkbox\" name=\"privacy\" value=\"1\" aria-invalid=\"false\" \/><\/span><\/span><\/span><span>Ich akzeptiere die <a href=\"\/rechtliches\/datenschutz\/\" target=\"_blank\">Datenschutzbestimmungen*<\/a><\/span><\/div><\/div>\n<div class=\"form-field submit\"><input class=\"wpcf7-form-control wpcf7-submit has-spinner\" id=\"form-field-submit\" type=\"submit\" value=\"Absenden\" \/><\/div>\n<\/div><div class=\"wpcf7-response-output\" aria-hidden=\"true\"><\/div>\n<\/form>\n<\/div>\n<\/div><\/div>\n<\/div>\n<\/section>","protected":false},"excerpt":{"rendered":"<p>Qualit\u00e4t umfasst bei uns auch alle Serviceleistungen, die den Workflow unserer Kunden ber\u00fchren. So bieten wir ma\u00dfgeschneiderte Logistikkonzepte, abgestimmt auf Ihre individuellen Betriebsabl\u00e4ufe und pers\u00f6nlichen W\u00fcnsche. Ob just in time, auf Abruf, Konsignation oder VMI\/Kanban \u2013 wir sorgen f\u00fcr ein reibungsloses C-Teile-Management, das Ihren st\u00f6rungsfreien Produktionsfluss sicherstellt und keinen Aufwand kostet.<\/p>\n","protected":false},"author":1,"featured_media":0,"parent":162,"menu_order":1,"comment_status":"closed","ping_status":"closed","template":"","meta":{"_acf_changed":false,"footnotes":""},"class_list":["post-310","page","type-page","status-publish"],"acf":[],"yoast_head":"<!-- This site is optimized with the Yoast SEO plugin v27.3 - https:\/\/yoast.com\/product\/yoast-seo-wordpress\/ -->\n<title>Logistik &amp; C-Teile-Management bei TIGGES Fastener<\/title>\n<meta name=\"description\" content=\"Ma\u00dfgeschneiderte Logistikkonzepte von TIGGES: Just in Time, Konsignation, VMI &amp; Kanban f\u00fcr effizientes C-Teile-Management. Jetzt anfragen!\" \/>\n<meta name=\"robots\" content=\"index, follow, max-snippet:-1, max-image-preview:large, max-video-preview:-1\" \/>\n<link rel=\"canonical\" href=\"https:\/\/tigges-fastener.com\/service\/logistik\/\" \/>\n<meta property=\"og:locale\" content=\"de_DE\" \/>\n<meta property=\"og:type\" content=\"article\" \/>\n<meta property=\"og:title\" content=\"Logistik &amp; C-Teile-Management bei TIGGES Fastener\" \/>\n<meta property=\"og:description\" content=\"Ma\u00dfgeschneiderte Logistikkonzepte von TIGGES: Just in Time, Konsignation, VMI &amp; Kanban f\u00fcr effizientes C-Teile-Management. Jetzt anfragen!\" \/>\n<meta property=\"og:url\" content=\"https:\/\/tigges-fastener.com\/service\/logistik\/\" \/>\n<meta property=\"og:site_name\" content=\"Tigges Fastener Technology\" \/>\n<meta property=\"article:modified_time\" content=\"2025-12-18T10:08:46+00:00\" \/>\n<meta name=\"twitter:card\" content=\"summary_large_image\" \/>\n<meta name=\"twitter:label1\" content=\"Gesch\u00e4tzte Lesezeit\" \/>\n\t<meta name=\"twitter:data1\" content=\"1\u00a0Minute\" \/>\n<script type=\"application\/ld+json\" class=\"yoast-schema-graph\">{\"@context\":\"https:\\\/\\\/schema.org\",\"@graph\":[{\"@type\":\"WebPage\",\"@id\":\"https:\\\/\\\/tigges-fastener.com\\\/service\\\/logistik\\\/\",\"url\":\"https:\\\/\\\/tigges-fastener.com\\\/service\\\/logistik\\\/\",\"name\":\"Logistik & C-Teile-Management bei TIGGES Fastener\",\"isPartOf\":{\"@id\":\"https:\\\/\\\/tigges-fastener.com\\\/en\\\/#website\"},\"datePublished\":\"2024-12-10T11:52:49+00:00\",\"dateModified\":\"2025-12-18T10:08:46+00:00\",\"description\":\"Ma\u00dfgeschneiderte Logistikkonzepte von TIGGES: Just in Time, Konsignation, VMI & Kanban f\u00fcr effizientes C-Teile-Management. Jetzt anfragen!\",\"breadcrumb\":{\"@id\":\"https:\\\/\\\/tigges-fastener.com\\\/service\\\/logistik\\\/#breadcrumb\"},\"inLanguage\":\"de\",\"potentialAction\":[{\"@type\":\"ReadAction\",\"target\":[\"https:\\\/\\\/tigges-fastener.com\\\/service\\\/logistik\\\/\"]}]},{\"@type\":\"BreadcrumbList\",\"@id\":\"https:\\\/\\\/tigges-fastener.com\\\/service\\\/logistik\\\/#breadcrumb\",\"itemListElement\":[{\"@type\":\"ListItem\",\"position\":1,\"name\":\"Startseite\",\"item\":\"https:\\\/\\\/tigges-fastener.com\\\/\"},{\"@type\":\"ListItem\",\"position\":2,\"name\":\"Service\",\"item\":\"https:\\\/\\\/tigges-fastener.com\\\/service\\\/\"},{\"@type\":\"ListItem\",\"position\":3,\"name\":\"Logistik\"}]},{\"@type\":\"WebSite\",\"@id\":\"https:\\\/\\\/tigges-fastener.com\\\/en\\\/#website\",\"url\":\"https:\\\/\\\/tigges-fastener.com\\\/en\\\/\",\"name\":\"Tigges Fastener Technology\",\"description\":\"\",\"publisher\":{\"@id\":\"https:\\\/\\\/tigges-fastener.com\\\/en\\\/#organization\"},\"potentialAction\":[{\"@type\":\"SearchAction\",\"target\":{\"@type\":\"EntryPoint\",\"urlTemplate\":\"https:\\\/\\\/tigges-fastener.com\\\/en\\\/?s={search_term_string}\"},\"query-input\":{\"@type\":\"PropertyValueSpecification\",\"valueRequired\":true,\"valueName\":\"search_term_string\"}}],\"inLanguage\":\"de\"},{\"@type\":\"Organization\",\"@id\":\"https:\\\/\\\/tigges-fastener.com\\\/en\\\/#organization\",\"name\":\"Tigges Fastener Technology\",\"url\":\"https:\\\/\\\/tigges-fastener.com\\\/en\\\/\",\"logo\":{\"@type\":\"ImageObject\",\"inLanguage\":\"de\",\"@id\":\"https:\\\/\\\/tigges-fastener.com\\\/en\\\/#\\\/schema\\\/logo\\\/image\\\/\",\"url\":\"https:\\\/\\\/tigges-fastener.com\\\/wp-content\\\/uploads\\\/tigges_logo.svg\",\"contentUrl\":\"https:\\\/\\\/tigges-fastener.com\\\/wp-content\\\/uploads\\\/tigges_logo.svg\",\"width\":611,\"height\":205,\"caption\":\"Tigges Fastener Technology\"},\"image\":{\"@id\":\"https:\\\/\\\/tigges-fastener.com\\\/en\\\/#\\\/schema\\\/logo\\\/image\\\/\"}}]}<\/script>\n<!-- \/ Yoast SEO plugin. -->","yoast_head_json":{"title":"Logistik & C-Teile-Management bei TIGGES Fastener","description":"Ma\u00dfgeschneiderte Logistikkonzepte von TIGGES: Just in Time, Konsignation, VMI & Kanban f\u00fcr effizientes C-Teile-Management. Jetzt anfragen!","robots":{"index":"index","follow":"follow","max-snippet":"max-snippet:-1","max-image-preview":"max-image-preview:large","max-video-preview":"max-video-preview:-1"},"canonical":"https:\/\/tigges-fastener.com\/service\/logistik\/","og_locale":"de_DE","og_type":"article","og_title":"Logistik & C-Teile-Management bei TIGGES Fastener","og_description":"Ma\u00dfgeschneiderte Logistikkonzepte von TIGGES: Just in Time, Konsignation, VMI & Kanban f\u00fcr effizientes C-Teile-Management. Jetzt anfragen!","og_url":"https:\/\/tigges-fastener.com\/service\/logistik\/","og_site_name":"Tigges Fastener Technology","article_modified_time":"2025-12-18T10:08:46+00:00","twitter_card":"summary_large_image","twitter_misc":{"Gesch\u00e4tzte Lesezeit":"1\u00a0Minute"},"schema":{"@context":"https:\/\/schema.org","@graph":[{"@type":"WebPage","@id":"https:\/\/tigges-fastener.com\/service\/logistik\/","url":"https:\/\/tigges-fastener.com\/service\/logistik\/","name":"Logistik & C-Teile-Management bei TIGGES Fastener","isPartOf":{"@id":"https:\/\/tigges-fastener.com\/en\/#website"},"datePublished":"2024-12-10T11:52:49+00:00","dateModified":"2025-12-18T10:08:46+00:00","description":"Ma\u00dfgeschneiderte Logistikkonzepte von TIGGES: Just in Time, Konsignation, VMI & Kanban f\u00fcr effizientes C-Teile-Management. Jetzt anfragen!","breadcrumb":{"@id":"https:\/\/tigges-fastener.com\/service\/logistik\/#breadcrumb"},"inLanguage":"de","potentialAction":[{"@type":"ReadAction","target":["https:\/\/tigges-fastener.com\/service\/logistik\/"]}]},{"@type":"BreadcrumbList","@id":"https:\/\/tigges-fastener.com\/service\/logistik\/#breadcrumb","itemListElement":[{"@type":"ListItem","position":1,"name":"Startseite","item":"https:\/\/tigges-fastener.com\/"},{"@type":"ListItem","position":2,"name":"Service","item":"https:\/\/tigges-fastener.com\/service\/"},{"@type":"ListItem","position":3,"name":"Logistik"}]},{"@type":"WebSite","@id":"https:\/\/tigges-fastener.com\/en\/#website","url":"https:\/\/tigges-fastener.com\/en\/","name":"Tigges Fastener Technology","description":"","publisher":{"@id":"https:\/\/tigges-fastener.com\/en\/#organization"},"potentialAction":[{"@type":"SearchAction","target":{"@type":"EntryPoint","urlTemplate":"https:\/\/tigges-fastener.com\/en\/?s={search_term_string}"},"query-input":{"@type":"PropertyValueSpecification","valueRequired":true,"valueName":"search_term_string"}}],"inLanguage":"de"},{"@type":"Organization","@id":"https:\/\/tigges-fastener.com\/en\/#organization","name":"Tigges Fastener Technology","url":"https:\/\/tigges-fastener.com\/en\/","logo":{"@type":"ImageObject","inLanguage":"de","@id":"https:\/\/tigges-fastener.com\/en\/#\/schema\/logo\/image\/","url":"https:\/\/tigges-fastener.com\/wp-content\/uploads\/tigges_logo.svg","contentUrl":"https:\/\/tigges-fastener.com\/wp-content\/uploads\/tigges_logo.svg","width":611,"height":205,"caption":"Tigges Fastener Technology"},"image":{"@id":"https:\/\/tigges-fastener.com\/en\/#\/schema\/logo\/image\/"}}]}},"_links":{"self":[{"href":"https:\/\/tigges-fastener.com\/de\/wp-json\/wp\/v2\/pages\/310","targetHints":{"allow":["GET"]}}],"collection":[{"href":"https:\/\/tigges-fastener.com\/de\/wp-json\/wp\/v2\/pages"}],"about":[{"href":"https:\/\/tigges-fastener.com\/de\/wp-json\/wp\/v2\/types\/page"}],"author":[{"embeddable":true,"href":"https:\/\/tigges-fastener.com\/de\/wp-json\/wp\/v2\/users\/1"}],"replies":[{"embeddable":true,"href":"https:\/\/tigges-fastener.com\/de\/wp-json\/wp\/v2\/comments?post=310"}],"version-history":[{"count":9,"href":"https:\/\/tigges-fastener.com\/de\/wp-json\/wp\/v2\/pages\/310\/revisions"}],"predecessor-version":[{"id":4211,"href":"https:\/\/tigges-fastener.com\/de\/wp-json\/wp\/v2\/pages\/310\/revisions\/4211"}],"up":[{"embeddable":true,"href":"https:\/\/tigges-fastener.com\/de\/wp-json\/wp\/v2\/pages\/162"}],"wp:attachment":[{"href":"https:\/\/tigges-fastener.com\/de\/wp-json\/wp\/v2\/media?parent=310"}],"curies":[{"name":"wp","href":"https:\/\/api.w.org\/{rel}","templated":true}]}}