{"id":306,"date":"2024-12-10T12:52:49","date_gmt":"2024-12-10T11:52:49","guid":{"rendered":"https:\/\/tigges.pixel-tal.de\/material\/"},"modified":"2025-12-18T11:06:03","modified_gmt":"2025-12-18T10:06:03","slug":"material","status":"publish","type":"page","link":"https:\/\/tigges-fastener.com\/de\/fertigung\/material\/","title":{"rendered":"Material"},"content":{"rendered":"<section id=\"0bfe4a0d\" class=\"hero hero-0bfe4a0d hero--default\" data-theme=\"dark\">\r\n\t\t\t\t\t\t\t\t<div class=\"acf-innerblocks-container\">\n\r\n\t\t\t       \r\n                    \r\n            <div id=\"9a4056ba\" class=\"hero-item hero-item-9a4056ba hero-item--image\">\r\n\t\t\t\t<div class=\"hero-canvas\">\r\n\r\n\t\t\t\t\t<div class=\"acf-innerblocks-container\"><\/div>\r\n\r\n\t\t\t\t\t\r\n\t\t\t\t<\/div>\r\n\t\t\t\t<div class=\"hero-media hero-media-image\"><img loading=\"lazy\" decoding=\"async\" width=\"1920\" height=\"720\" src=\"https:\/\/tigges-fastener.com\/wp-content\/uploads\/kopfbild_material.jpg\" class=\"attachment-full size-full\" alt=\"\" srcset=\"https:\/\/tigges-fastener.com\/wp-content\/uploads\/kopfbild_material.jpg 1920w, https:\/\/tigges-fastener.com\/wp-content\/uploads\/kopfbild_material-300x113.jpg 300w, https:\/\/tigges-fastener.com\/wp-content\/uploads\/kopfbild_material-1024x384.jpg 1024w, https:\/\/tigges-fastener.com\/wp-content\/uploads\/kopfbild_material-768x288.jpg 768w, https:\/\/tigges-fastener.com\/wp-content\/uploads\/kopfbild_material-1536x576.jpg 1536w, https:\/\/tigges-fastener.com\/wp-content\/uploads\/kopfbild_material-1x1.jpg 1w\" sizes=\"auto, (max-width: 1920px) 100vw, 1920px\" \/><\/div>            <\/div>\r\n\t\t\t\t\r\n            \r\n\t\t\t\r\n        \r\n            \n<\/div>\r\n\t\t\t\t\t\t\t\t<!-- \t\t\t\t\t<a class=\"hero-action smooth-scroll\" href=\"#start\">\r\n\t\t\t\t\t\t<span class=\"hero-scroll\" href=\"#start\"><\/span>\r\n\t\t\t\t\t\t<span class=\"hero-scroll-arrow\"><\/span>\r\n\t\t\t\t\t<\/a>\r\n\t\t\t\t -->\r\n\t\t\t\t<div id=\"start\"><\/div>\r\n\t\t\t<\/section>\r\n\t\t\t\t\r\n\t\t\t\r\n\t\t\t        \r\n            \n\n<section id=\"2d0a1e05\" class=\"gb-section gb-container gb-container-2d0a1e05\" data-container-type=\"section\" data-theme=\"dark\">\n<div id=\"4f744f6f\" class=\"gb-inner-section gb-container gb-container-4f744f6f\" data-container-type=\"container\" data-theme=\"inherit\">\n\n<div class=\"wp-block-pixel-headline headlines --subheadline-bottom has-text-align-left\"><h1 class=\"headline --h2\" style=\"color:\">Arten von <strong>Legierungen<\/strong><\/h1><\/div>\n\n\n\n<p>Wir verarbeiten nahezu jedes Material \u2013 von Aluminium bis zum hochs\u00e4urebest\u00e4ndigen rostfreien Stahl \u2013 und entsprechen so den unterschiedlichsten Einsatzbedingungen. Seien es Sichtschrauben mit designrelevanter Oberfl\u00e4che oder seewasserresistente Verbindungen f\u00fcr den Offshore-Bereich: Wir bringen technische Anforderungen und wirtschaftliche Aspekte miteinander in Einklang.<\/p>\n\n\n\n<p>Dabei unterliegen unsere Rohstoffquellen einem strengen Lieferantenmanagement und f\u00fcr jede unserer Legierungen sind detaillierte Pr\u00fcfzeugnisse verf\u00fcgbar.<\/p>\n\n<\/div>\n<\/section>\n\n<section id=\"9836a99e\" class=\"gb-section gb-container gb-container-9836a99e\" data-container-type=\"section\" data-theme=\"dark\">\n<div id=\"10fc3600\" class=\"gb-inner-section gb-container gb-container-10fc3600\" data-container-type=\"container\" data-theme=\"inherit\">\n\n<div class=\"wp-block-pixel-headline headlines --subheadline-bottom has-text-align-left\"><h2 class=\"headline\" style=\"color:\">Material\u00fcbersicht<\/h2><span class=\"subheadline\" style=\"color:\">Folgende Materialsorten sind in der Regel vorr\u00e4tig, weitere auf Anfrage.<br><\/span><\/div>\n\n\n\n<figure class=\"wp-block-table is-style-product-table\"><table><thead><tr><th>AISI<\/th><th>ISO<\/th><th>SUS (JIS)<\/th><th>DIN<\/th><th>Beschreibung<\/th><\/tr><\/thead><\/table><\/figure>\n\n\n\n<figure class=\"wp-block-table is-style-product-table\"><table><tfoot><tr><td>Rostfreie St\u00e4hle<\/td><\/tr><\/tfoot><\/table><\/figure>\n\n\n\n<figure class=\"wp-block-table is-style-product-table\"><table><tbody><tr><td>302 HQ<\/td><td>A2<\/td><td>XM-7<\/td><td>1.4567<\/td><td>Austenitischer Chrom-Nickel-Stahl, hoch korrosionsbest\u00e4ndig. Aufgrund des zus\u00e4tzlichen Kupfergehaltes ist er besonders f\u00fcr die Kaltumformung geeignet.<\/td><\/tr><tr><td>304<\/td><td>A2<\/td><td>304<\/td><td>1.4301<\/td><td>Austenitischer Chrom-Nickel-Stahl, hoch korrosionsbest\u00e4ndig.<\/td><\/tr><tr><td>316<\/td><td>A4<\/td><td>316<\/td><td>1.4401<\/td><td>Besonders korrosionsbest\u00e4ndiger austenitischer Chrom-Nickel-Stahl mit Molybd\u00e4ngehalt.<\/td><\/tr><tr><td>316 Cu<\/td><td>A4<\/td><td>316 Cu<\/td><td><\/td><td>\u00c4hnlich 316 mit zus\u00e4tzlichem Kupfergehalt zur Verbesserung der Kaltumformbarkeit.<\/td><\/tr><tr><td>316 L<\/td><td>A4<\/td><td>316 L<\/td><td>1.4404<\/td><td>Besonders korrosionsbest\u00e4ndiger austenitischer Chrom-Nickel-Stahl mit Molybd\u00e4ngehalt und gegen\u00fcber herk\u00f6mmlichem 316 mit niedrigerem Kohlenstoffgehalt.<\/td><\/tr><tr><td>410<\/td><td>C1<\/td><td>410<\/td><td>1.4006<\/td><td>Verg\u00fctbarer, martensitischer nicht rostender Stahl. Poliert gegen Wasser und Dampf best\u00e4ndig.<\/td><\/tr><tr><td>430<\/td><td>F1<\/td><td>430<\/td><td>1.4016<\/td><td>Ferritischer Chrom-Nickel-Stahl, hochglanzpolierbar, best\u00e4ndig gegen Wasser, Dampf, schwache S\u00e4uren.<\/td><\/tr><\/tbody><\/table><\/figure>\n\n\n\n<figure class=\"wp-block-table is-style-product-table\"><table><tfoot><tr><td>Stahlsorten<\/td><\/tr><\/tfoot><\/table><\/figure>\n\n\n\n<figure class=\"wp-block-table is-style-product-table\"><table class=\"has-fixed-layout\"><tbody><tr><td><\/td><td><\/td><td><\/td><td>SWRCH6 &#8211; SWRCH10<\/td><td>F\u00fcr ungeh\u00e4rtete Schrauben.<\/td><\/tr><tr><td><\/td><td><\/td><td><\/td><td>SWRCH1018<\/td><td>Einsatzh\u00e4rtbar, meist f\u00fcr selbstschneidende Schrauben.<\/td><\/tr><tr><td><\/td><td><\/td><td><\/td><td>SWRCH35K\/35ACR<\/td><td>Verg\u00fctbar bis zu Festigkeit 8.8.<\/td><\/tr><tr><td><\/td><td><\/td><td><\/td><td>SWRCH40K\/40ACR<\/td><td>Verg\u00fctbar bis zu Festigkeit 10.9.<\/td><\/tr><tr><td>10B21<\/td><td><\/td><td><\/td><td><\/td><td>Verg\u00fctbar bis zu Festigkeit 8.8.<\/td><\/tr><tr><td><\/td><td><\/td><td><\/td><td>SCM 435<\/td><td>Verg\u00fctbar bis zu Festigkeit 12.9.<\/td><\/tr><tr><td><\/td><td><\/td><td><\/td><td>SCM 440<\/td><td>Verg\u00fctbar bis zu Festigkeit 12.9.<\/td><\/tr><\/tbody><\/table><\/figure>\n\n\n\n<figure class=\"wp-block-table is-style-product-table\"><table><tfoot><tr><td>Aluminium<\/td><\/tr><\/tfoot><\/table><\/figure>\n\n\n\n<figure class=\"wp-block-table is-style-product-table\"><table class=\"has-fixed-layout\"><tbody><tr><td><\/td><td>6061<\/td><td><\/td><td>3.3211<\/td><td>Aluminium zur Kaltumformung, bis T6 verg\u00fctbar.<\/td><\/tr><tr><td><\/td><td>7075<\/td><td><\/td><td>3.4365<\/td><td>Aluminium f\u00fcr die Kaltumformung, w\u00e4rmebehandelbar, h\u00f6here Korrosionsbest\u00e4ndigkeit.<\/td><\/tr><\/tbody><\/table><\/figure>\n\n<\/div>\n<\/section>\n\n<section id=\"89f673b8\" class=\"gb-section gb-container gb-container-89f673b8\" data-container-type=\"section\" data-theme=\"dark\">\n<div id=\"2bf4c565\" class=\"gb-inner-section gb-container gb-container-2bf4c565\" data-container-type=\"container\" data-theme=\"inherit\">\n\n<div class=\"wp-block-pixel-headline headlines --subheadline-bottom has-text-align-left\"><h2 class=\"headline\" style=\"color:\"><strong>Unser Team von&nbsp;Tigges hilft Ihnen weiter<\/strong><\/h2><span class=\"subheadline\" style=\"color:\">Nutzen Sie unser Kontaktformular<\/span><\/div>\n\n\n<div class=\"contact-area\" style=\"--contacts-count:0;\"><div class=\"card card-address\">\n\t<div class=\"card-address-image\"><img decoding=\"async\" src=\"\/wp-content\/uploads\/content_contact.jpg\"><\/div>\n\t<div class=\"card-address-copytext\">\n\t\t<div class=\"card-address-headline\">Tigges Fastener<br>Technology (M) Sdn. Bhd.<\/div><br>\n\t\tTelefon: <a href=\"tel: +60 (0) 5 29 22 781\">+60 (0) 5 29 22 781<\/a><br>\n\t\tFax: +60 (0) 5 29 11 050<br>\n\t\tE-Mail: <a href=\"mailto:info@tigges.com.my\">info@tigges.com.my<\/a>\n\t<\/div>\t\t\t\t\t\t\n<\/div><div class=\"contact-area-form\">\n<div class=\"wpcf7 no-js\" id=\"wpcf7-f7-o1\" lang=\"de-DE\" dir=\"ltr\" data-wpcf7-id=\"7\">\n<div class=\"screen-reader-response\"><p role=\"status\" aria-live=\"polite\" aria-atomic=\"true\"><\/p> <ul><\/ul><\/div>\n<form action=\"\/de\/wp-json\/wp\/v2\/pages\/306#wpcf7-f7-o1\" method=\"post\" class=\"wpcf7-form init\" aria-label=\"Kontaktformular\" novalidate=\"novalidate\" data-status=\"init\">\n<fieldset class=\"hidden-fields-container\"><input type=\"hidden\" name=\"_wpcf7\" value=\"7\" \/><input type=\"hidden\" name=\"_wpcf7_version\" value=\"6.1.5\" \/><input type=\"hidden\" name=\"_wpcf7_locale\" value=\"de_DE\" \/><input type=\"hidden\" name=\"_wpcf7_unit_tag\" value=\"wpcf7-f7-o1\" \/><input type=\"hidden\" name=\"_wpcf7_container_post\" value=\"0\" \/><input type=\"hidden\" name=\"_wpcf7_posted_data_hash\" value=\"\" \/><input type=\"hidden\" name=\"_wpcf7_recaptcha_response\" value=\"\" \/>\n<\/fieldset>\n<div class=\"form-fields\">\n<div class=\"form-field half\"><span class=\"wpcf7-form-control-wrap\" data-name=\"fullname\"><input size=\"40\" maxlength=\"400\" class=\"wpcf7-form-control wpcf7-text wpcf7-validates-as-required\" aria-required=\"true\" aria-invalid=\"false\" placeholder=\"Name\" value=\"\" type=\"text\" name=\"fullname\" \/><\/span><\/div>\n<div class=\"form-field half\"><span class=\"wpcf7-form-control-wrap\" data-name=\"company\"><input size=\"40\" maxlength=\"400\" class=\"wpcf7-form-control wpcf7-text wpcf7-validates-as-required\" aria-required=\"true\" aria-invalid=\"false\" placeholder=\"Firma\" value=\"\" type=\"text\" name=\"company\" \/><\/span><\/div>\n<div class=\"form-field half\"><span class=\"wpcf7-form-control-wrap\" data-name=\"your-email\"><input size=\"40\" maxlength=\"400\" class=\"wpcf7-form-control wpcf7-email wpcf7-validates-as-required wpcf7-text wpcf7-validates-as-email\" aria-required=\"true\" aria-invalid=\"false\" placeholder=\"E-Mail\" value=\"\" type=\"email\" name=\"your-email\" \/><\/span><\/div>\n<div class=\"form-field half\"><span class=\"wpcf7-form-control-wrap\" data-name=\"phone\"><input size=\"40\" maxlength=\"400\" class=\"wpcf7-form-control wpcf7-text\" aria-invalid=\"false\" placeholder=\"Telefon\" value=\"\" type=\"text\" name=\"phone\" \/><\/span><\/div>\n<div class=\"form-field full\"><span class=\"wpcf7-form-control-wrap\" data-name=\"message\"><textarea cols=\"40\" rows=\"4\" maxlength=\"2000\" class=\"wpcf7-form-control wpcf7-textarea\" aria-invalid=\"false\" placeholder=\"Nachricht\" name=\"message\"><\/textarea><\/span><\/div>\n<div class=\"form-field full\"><span class=\"form-subheadline\">Upload<\/span><span class=\"wpcf7-form-control-wrap\" data-name=\"upload\"><input size=\"40\" class=\"wpcf7-form-control wpcf7-drag-n-drop-file d-none\" aria-invalid=\"false\" type=\"file\" multiple=\"multiple\" data-name=\"upload\" data-type=\"pdf\" data-limit=\"10000000\" data-min=\"1\" data-max=\"5\" data-id=\"7\" data-version=\"free version 1.3.9.6\" accept=\".pdf\" \/><\/span><\/div>\n<\/div>\n<div class=\"form-footer\">\n<div class=\"form-field\"><div class=\"checkbox-entry\"><span class=\"wpcf7-form-control-wrap\" data-name=\"privacy\"><span class=\"wpcf7-form-control wpcf7-acceptance\"><span class=\"wpcf7-list-item\"><input type=\"checkbox\" name=\"privacy\" value=\"1\" aria-invalid=\"false\" \/><\/span><\/span><\/span><span>Ich akzeptiere die <a href=\"\/rechtliches\/datenschutz\/\" target=\"_blank\">Datenschutzbestimmungen*<\/a><\/span><\/div><\/div>\n<div class=\"form-field submit\"><input class=\"wpcf7-form-control wpcf7-submit has-spinner\" id=\"form-field-submit\" type=\"submit\" value=\"Absenden\" \/><\/div>\n<\/div><div class=\"wpcf7-response-output\" aria-hidden=\"true\"><\/div>\n<\/form>\n<\/div>\n<\/div><\/div>\n<\/div>\n<\/section>","protected":false},"excerpt":{"rendered":"<p>Wir verarbeiten nahezu jedes Material \u2013 von Aluminium bis zum hochs\u00e4urebest\u00e4ndigen rostfreien Stahl \u2013 und entsprechen so den unterschiedlichsten Einsatzbedingungen. Seien es Sichtschrauben mit designrelevanter Oberfl\u00e4che oder seewasserresistente Verbindungen f\u00fcr den Offshore-Bereich: Wir bringen technische Anforderungen und wirtschaftliche Aspekte miteinander in Einklang. Dabei unterliegen unsere Rohstoffquellen einem strengen Lieferantenmanagement und f\u00fcr jede unserer Legierungen sind &#8230; <a title=\"Material\" class=\"read-more\" href=\"https:\/\/tigges-fastener.com\/de\/fertigung\/material\/\" aria-label=\"Mehr Informationen \u00fcber Material\">Weiterlesen &#8230;<\/a><\/p>\n","protected":false},"author":1,"featured_media":0,"parent":160,"menu_order":4,"comment_status":"closed","ping_status":"closed","template":"","meta":{"_acf_changed":false,"footnotes":""},"class_list":["post-306","page","type-page","status-publish"],"acf":[],"yoast_head":"<!-- This site is optimized with the Yoast SEO plugin v27.3 - https:\/\/yoast.com\/product\/yoast-seo-wordpress\/ -->\n<title>Legierungen &amp; Werkstoffe f\u00fcr Verbindungselemente bei TIGGES<\/title>\n<meta name=\"description\" content=\"Gro\u00dfe Auswahl an Legierungen f\u00fcr Verbindungselemente: Edelstahl, Stahl &amp; Aluminium. Gepr\u00fcft, dokumentiert und anwendungsoptimiert. Jetzt beraten lassen!\" \/>\n<meta name=\"robots\" content=\"index, follow, max-snippet:-1, max-image-preview:large, max-video-preview:-1\" \/>\n<link rel=\"canonical\" href=\"https:\/\/tigges-fastener.com\/fertigung\/material\/\" \/>\n<meta property=\"og:locale\" content=\"de_DE\" \/>\n<meta property=\"og:type\" content=\"article\" \/>\n<meta property=\"og:title\" content=\"Legierungen &amp; Werkstoffe f\u00fcr Verbindungselemente bei TIGGES\" \/>\n<meta property=\"og:description\" content=\"Gro\u00dfe Auswahl an Legierungen f\u00fcr Verbindungselemente: Edelstahl, Stahl &amp; Aluminium. Gepr\u00fcft, dokumentiert und anwendungsoptimiert. Jetzt beraten lassen!\" \/>\n<meta property=\"og:url\" content=\"https:\/\/tigges-fastener.com\/fertigung\/material\/\" \/>\n<meta property=\"og:site_name\" content=\"Tigges Fastener Technology\" \/>\n<meta property=\"article:modified_time\" content=\"2025-12-18T10:06:03+00:00\" \/>\n<meta name=\"twitter:card\" content=\"summary_large_image\" \/>\n<meta name=\"twitter:label1\" content=\"Gesch\u00e4tzte Lesezeit\" \/>\n\t<meta name=\"twitter:data1\" content=\"2\u00a0Minuten\" \/>\n<script type=\"application\/ld+json\" class=\"yoast-schema-graph\">{\"@context\":\"https:\\\/\\\/schema.org\",\"@graph\":[{\"@type\":\"WebPage\",\"@id\":\"https:\\\/\\\/tigges-fastener.com\\\/fertigung\\\/material\\\/\",\"url\":\"https:\\\/\\\/tigges-fastener.com\\\/fertigung\\\/material\\\/\",\"name\":\"Legierungen & Werkstoffe f\u00fcr Verbindungselemente bei TIGGES\",\"isPartOf\":{\"@id\":\"https:\\\/\\\/tigges-fastener.com\\\/en\\\/#website\"},\"datePublished\":\"2024-12-10T11:52:49+00:00\",\"dateModified\":\"2025-12-18T10:06:03+00:00\",\"description\":\"Gro\u00dfe Auswahl an Legierungen f\u00fcr Verbindungselemente: Edelstahl, Stahl & Aluminium. Gepr\u00fcft, dokumentiert und anwendungsoptimiert. Jetzt beraten lassen!\",\"breadcrumb\":{\"@id\":\"https:\\\/\\\/tigges-fastener.com\\\/fertigung\\\/material\\\/#breadcrumb\"},\"inLanguage\":\"de\",\"potentialAction\":[{\"@type\":\"ReadAction\",\"target\":[\"https:\\\/\\\/tigges-fastener.com\\\/fertigung\\\/material\\\/\"]}]},{\"@type\":\"BreadcrumbList\",\"@id\":\"https:\\\/\\\/tigges-fastener.com\\\/fertigung\\\/material\\\/#breadcrumb\",\"itemListElement\":[{\"@type\":\"ListItem\",\"position\":1,\"name\":\"Startseite\",\"item\":\"https:\\\/\\\/tigges-fastener.com\\\/\"},{\"@type\":\"ListItem\",\"position\":2,\"name\":\"Fertigung\",\"item\":\"https:\\\/\\\/tigges-fastener.com\\\/fertigung\\\/\"},{\"@type\":\"ListItem\",\"position\":3,\"name\":\"Material\"}]},{\"@type\":\"WebSite\",\"@id\":\"https:\\\/\\\/tigges-fastener.com\\\/en\\\/#website\",\"url\":\"https:\\\/\\\/tigges-fastener.com\\\/en\\\/\",\"name\":\"Tigges Fastener Technology\",\"description\":\"\",\"publisher\":{\"@id\":\"https:\\\/\\\/tigges-fastener.com\\\/en\\\/#organization\"},\"potentialAction\":[{\"@type\":\"SearchAction\",\"target\":{\"@type\":\"EntryPoint\",\"urlTemplate\":\"https:\\\/\\\/tigges-fastener.com\\\/en\\\/?s={search_term_string}\"},\"query-input\":{\"@type\":\"PropertyValueSpecification\",\"valueRequired\":true,\"valueName\":\"search_term_string\"}}],\"inLanguage\":\"de\"},{\"@type\":\"Organization\",\"@id\":\"https:\\\/\\\/tigges-fastener.com\\\/en\\\/#organization\",\"name\":\"Tigges Fastener Technology\",\"url\":\"https:\\\/\\\/tigges-fastener.com\\\/en\\\/\",\"logo\":{\"@type\":\"ImageObject\",\"inLanguage\":\"de\",\"@id\":\"https:\\\/\\\/tigges-fastener.com\\\/en\\\/#\\\/schema\\\/logo\\\/image\\\/\",\"url\":\"https:\\\/\\\/tigges-fastener.com\\\/wp-content\\\/uploads\\\/tigges_logo.svg\",\"contentUrl\":\"https:\\\/\\\/tigges-fastener.com\\\/wp-content\\\/uploads\\\/tigges_logo.svg\",\"width\":611,\"height\":205,\"caption\":\"Tigges Fastener Technology\"},\"image\":{\"@id\":\"https:\\\/\\\/tigges-fastener.com\\\/en\\\/#\\\/schema\\\/logo\\\/image\\\/\"}}]}<\/script>\n<!-- \/ Yoast SEO plugin. -->","yoast_head_json":{"title":"Legierungen & Werkstoffe f\u00fcr Verbindungselemente bei TIGGES","description":"Gro\u00dfe Auswahl an Legierungen f\u00fcr Verbindungselemente: Edelstahl, Stahl & Aluminium. Gepr\u00fcft, dokumentiert und anwendungsoptimiert. Jetzt beraten lassen!","robots":{"index":"index","follow":"follow","max-snippet":"max-snippet:-1","max-image-preview":"max-image-preview:large","max-video-preview":"max-video-preview:-1"},"canonical":"https:\/\/tigges-fastener.com\/fertigung\/material\/","og_locale":"de_DE","og_type":"article","og_title":"Legierungen & Werkstoffe f\u00fcr Verbindungselemente bei TIGGES","og_description":"Gro\u00dfe Auswahl an Legierungen f\u00fcr Verbindungselemente: Edelstahl, Stahl & Aluminium. Gepr\u00fcft, dokumentiert und anwendungsoptimiert. Jetzt beraten lassen!","og_url":"https:\/\/tigges-fastener.com\/fertigung\/material\/","og_site_name":"Tigges Fastener Technology","article_modified_time":"2025-12-18T10:06:03+00:00","twitter_card":"summary_large_image","twitter_misc":{"Gesch\u00e4tzte Lesezeit":"2\u00a0Minuten"},"schema":{"@context":"https:\/\/schema.org","@graph":[{"@type":"WebPage","@id":"https:\/\/tigges-fastener.com\/fertigung\/material\/","url":"https:\/\/tigges-fastener.com\/fertigung\/material\/","name":"Legierungen & Werkstoffe f\u00fcr Verbindungselemente bei TIGGES","isPartOf":{"@id":"https:\/\/tigges-fastener.com\/en\/#website"},"datePublished":"2024-12-10T11:52:49+00:00","dateModified":"2025-12-18T10:06:03+00:00","description":"Gro\u00dfe Auswahl an Legierungen f\u00fcr Verbindungselemente: Edelstahl, Stahl & Aluminium. Gepr\u00fcft, dokumentiert und anwendungsoptimiert. Jetzt beraten lassen!","breadcrumb":{"@id":"https:\/\/tigges-fastener.com\/fertigung\/material\/#breadcrumb"},"inLanguage":"de","potentialAction":[{"@type":"ReadAction","target":["https:\/\/tigges-fastener.com\/fertigung\/material\/"]}]},{"@type":"BreadcrumbList","@id":"https:\/\/tigges-fastener.com\/fertigung\/material\/#breadcrumb","itemListElement":[{"@type":"ListItem","position":1,"name":"Startseite","item":"https:\/\/tigges-fastener.com\/"},{"@type":"ListItem","position":2,"name":"Fertigung","item":"https:\/\/tigges-fastener.com\/fertigung\/"},{"@type":"ListItem","position":3,"name":"Material"}]},{"@type":"WebSite","@id":"https:\/\/tigges-fastener.com\/en\/#website","url":"https:\/\/tigges-fastener.com\/en\/","name":"Tigges Fastener Technology","description":"","publisher":{"@id":"https:\/\/tigges-fastener.com\/en\/#organization"},"potentialAction":[{"@type":"SearchAction","target":{"@type":"EntryPoint","urlTemplate":"https:\/\/tigges-fastener.com\/en\/?s={search_term_string}"},"query-input":{"@type":"PropertyValueSpecification","valueRequired":true,"valueName":"search_term_string"}}],"inLanguage":"de"},{"@type":"Organization","@id":"https:\/\/tigges-fastener.com\/en\/#organization","name":"Tigges Fastener Technology","url":"https:\/\/tigges-fastener.com\/en\/","logo":{"@type":"ImageObject","inLanguage":"de","@id":"https:\/\/tigges-fastener.com\/en\/#\/schema\/logo\/image\/","url":"https:\/\/tigges-fastener.com\/wp-content\/uploads\/tigges_logo.svg","contentUrl":"https:\/\/tigges-fastener.com\/wp-content\/uploads\/tigges_logo.svg","width":611,"height":205,"caption":"Tigges Fastener Technology"},"image":{"@id":"https:\/\/tigges-fastener.com\/en\/#\/schema\/logo\/image\/"}}]}},"_links":{"self":[{"href":"https:\/\/tigges-fastener.com\/de\/wp-json\/wp\/v2\/pages\/306","targetHints":{"allow":["GET"]}}],"collection":[{"href":"https:\/\/tigges-fastener.com\/de\/wp-json\/wp\/v2\/pages"}],"about":[{"href":"https:\/\/tigges-fastener.com\/de\/wp-json\/wp\/v2\/types\/page"}],"author":[{"embeddable":true,"href":"https:\/\/tigges-fastener.com\/de\/wp-json\/wp\/v2\/users\/1"}],"replies":[{"embeddable":true,"href":"https:\/\/tigges-fastener.com\/de\/wp-json\/wp\/v2\/comments?post=306"}],"version-history":[{"count":9,"href":"https:\/\/tigges-fastener.com\/de\/wp-json\/wp\/v2\/pages\/306\/revisions"}],"predecessor-version":[{"id":2773,"href":"https:\/\/tigges-fastener.com\/de\/wp-json\/wp\/v2\/pages\/306\/revisions\/2773"}],"up":[{"embeddable":true,"href":"https:\/\/tigges-fastener.com\/de\/wp-json\/wp\/v2\/pages\/160"}],"wp:attachment":[{"href":"https:\/\/tigges-fastener.com\/de\/wp-json\/wp\/v2\/media?parent=306"}],"curies":[{"name":"wp","href":"https:\/\/api.w.org\/{rel}","templated":true}]}}