{"id":282,"date":"2024-12-10T12:50:37","date_gmt":"2024-12-10T11:50:37","guid":{"rendered":"https:\/\/tigges.pixel-tal.de\/individuell-verpackt\/"},"modified":"2025-12-18T10:56:37","modified_gmt":"2025-12-18T09:56:37","slug":"individuell-verpackt","status":"publish","type":"page","link":"https:\/\/tigges-fastener.com\/de\/produkte\/individuell-verpackt\/","title":{"rendered":"Individuell verpackt"},"content":{"rendered":"<div id=\"e1843539\" class=\"image-section image-section-e1843539 image-right background-black\">\r\n\t\t\t<div class=\"image-section-image\" style=\"background: url('https:\/\/tigges-fastener.com\/wp-content\/uploads\/individuelle-konfektionierung-1.png'); background-repeat: no-repeat; background-size:contain; background-position: center; background-color:rgba(0,0,0,0)\"><\/div>\r\n\t\t\t<div class=\"gb-section image-section-content conten-top\">\r\n\t\t\t\t<div class=\"image-section-content-inner\">\n\n<div class=\"wp-block-pixel-headline headlines --subheadline-bottom has-text-align-left\"><h1 class=\"headline --h2\" style=\"color:\"><strong>Individuell konfektioniert<\/strong> und verpackt<\/h1><\/div>\n\n\n\n<p>Wir liefern <strong>Verbindungselemente<\/strong> nicht nur einzeln, sondern auch als praktische Komplettl\u00f6sung \u2013 individuell konfektioniert und exakt nach Ihren Vorgaben. Ob vormontierte Sets mit <strong>Edelstahlschraube<\/strong>, Unterlegscheibe und Mutter oder erg\u00e4nzt durch Zusatzteile wie Kunststoffkappen: Sie erhalten Ihre Produkte fertig verpackt in den gew\u00fcnschten St\u00fcckzahlen, zum Beispiel in einem PU-Beutel, mit eindeutiger <strong>Kennzeichnung und Beschriftung<\/strong>.<\/p>\n\n\n\n<p>Dar\u00fcber hinaus stellen wir eine l\u00fcckenlose <strong>Dokumentation<\/strong> sowie eine auf Ihre Anforderungen zugeschnittene <strong>Logistik<\/strong> sicher. Eine Endkontrolle \u2013 auf Wunsch zu 100 % \u2013 sorgt daf\u00fcr, dass Ihre Prozesse reibungslos und effizient ablaufen. Unser Anspruch ist es, Ihnen nicht nur hochwertige <strong>Schrauben und rostfreie Verbindungselemente<\/strong> zu liefern, sondern auch einen pers\u00f6nlichen Service zu bieten, auf den Sie sich jederzeit verlassen k\u00f6nnen.<\/p>\n\n\n\n<a class=\"gb-button gb-button-1ce39e8c gb-button-text is-style-arrow-right\" href=\"#contact-form\">Kontakt aufnehmen<\/a>\n\n<\/div>\r\n\t\t\t\t<\/div>\r\n\t\t\t<\/div>\r\n\t\r\n\t\t\t\r\n\t\t\t        \r\n            \n\n<section id=\"2d1fb416\" class=\"gb-section gb-container gb-container-2d1fb416 section-on-right-edge\" data-container-type=\"section\" data-theme=\"dark\">\n<div class=\"gb-grid-wrapper gb-grid-wrapper-c4184dab\">\n<div class=\"gb-grid-column gb-grid-column-800f968a\"><div id=\"800f968a\" class=\"gb-container gb-container-800f968a\" data-container-type=\"container\" data-theme=\"inherit\">\n\n<div class=\"wp-block-pixel-headline headlines --subheadline-bottom has-text-align-left\"><h2 class=\"headline\" style=\"color:\">Passgenau f\u00fcr <strong>Ihre Branche<\/strong><\/h2><\/div>\n\n\n\n<p>F\u00fcr anspruchsvolle\u2028 Anwendungsfelder<\/p>\n\n<\/div><\/div>\n\n<div class=\"gb-grid-column gb-grid-column-7e9e288d\"><div id=\"7e9e288d\" class=\"gb-container gb-container-7e9e288d\" data-container-type=\"container\" data-theme=\"inherit\">\n\r\n\t\t\t            \t\t\t<div id=\"8cde1fcf\" class=\"content-slider content-slider-8cde1fcf swiper\">\r\n\t\t\t<div class=\"content-slider-inner swiper-wrapper\">\n\r\n\t\t\t       \r\n            \r\n\t\t\t<div id=\"195b73e2\" class=\"imagecard imagecard-195b73e2 layout-image has-link swiper-slide\">\r\n\t\t\t\t<a class=\"imagecard-link\" href=\"https:\/\/tigges-fastener.com\/de\/branchen\/automobilindustrie\/\"><\/a><div class=\"imagecard-image\"><img decoding=\"async\" src=\"https:\/\/tigges-fastener.com\/wp-content\/uploads\/branche_automobil.jpg\" alt=\"imagecard-image\"><\/div><div class=\"imagecard-content\"><div class=\"imagecard-headline\">Automobilindustrie\n<\/div><\/div>\t\t\t<\/div>\r\n\t\r\n\t\t\t\r\n\t\t\t        \r\n            \n\n\r\n\t\t\t       \r\n            \r\n\t\t\t<div id=\"287b79a3\" class=\"imagecard imagecard-287b79a3 layout-image has-link swiper-slide\">\r\n\t\t\t\t<a class=\"imagecard-link\" href=\"https:\/\/tigges-fastener.com\/de\/branchen\/maschinenbau\/\"><\/a><div class=\"imagecard-image\"><img decoding=\"async\" src=\"https:\/\/tigges-fastener.com\/wp-content\/uploads\/branche_Maschinenbau.jpg\" alt=\"imagecard-image\"><\/div><div class=\"imagecard-content\"><div class=\"imagecard-headline\">Maschinenbau\n<\/div><\/div>\t\t\t<\/div>\r\n\t\r\n\t\t\t\r\n\t\t\t        \r\n            \n\n\r\n\t\t\t       \r\n            \r\n\t\t\t<div id=\"776c653e\" class=\"imagecard imagecard-776c653e layout-image has-link swiper-slide\">\r\n\t\t\t\t<a class=\"imagecard-link\" href=\"https:\/\/tigges-fastener.com\/de\/branchen\/luftfahrt\/\"><\/a><div class=\"imagecard-image\"><img decoding=\"async\" src=\"https:\/\/tigges-fastener.com\/wp-content\/uploads\/branche_luftfahrt.jpg\" alt=\"imagecard-image\"><\/div><div class=\"imagecard-content\"><div class=\"imagecard-headline\">Luftfahrt\n<\/div><\/div>\t\t\t<\/div>\r\n\t\r\n\t\t\t\r\n\t\t\t        \r\n            \n\n\r\n\t\t\t       \r\n            \r\n\t\t\t<div id=\"e5f2eb66\" class=\"imagecard imagecard-e5f2eb66 layout-image has-link swiper-slide\">\r\n\t\t\t\t<a class=\"imagecard-link\" href=\"https:\/\/tigges-fastener.com\/de\/branchen\/telekommunikation\/\"><\/a><div class=\"imagecard-image\"><img decoding=\"async\" src=\"https:\/\/tigges-fastener.com\/wp-content\/uploads\/branche_telekommunikation.jpg\" alt=\"imagecard-image\"><\/div><div class=\"imagecard-content\"><div class=\"imagecard-headline\">Telekommunikation\n<\/div><\/div>\t\t\t<\/div>\r\n\t\r\n\t\t\t\r\n\t\t\t        \r\n            \n\n\r\n\t\t\t       \r\n            \r\n\t\t\t<div id=\"3e68389f\" class=\"imagecard imagecard-3e68389f layout-image has-link swiper-slide\">\r\n\t\t\t\t<a class=\"imagecard-link\" href=\"https:\/\/tigges-fastener.com\/de\/branchen\/zweiradindustrie\/\"><\/a><div class=\"imagecard-image\"><img decoding=\"async\" src=\"https:\/\/tigges-fastener.com\/wp-content\/uploads\/branche_Zweiradindustrie.jpg\" alt=\"imagecard-image\"><\/div><div class=\"imagecard-content\"><div class=\"imagecard-headline\">Zweiradindustrie\n<\/div><\/div>\t\t\t<\/div>\r\n\t\r\n\t\t\t\r\n\t\t\t        \r\n            \n\n\r\n\t\t\t       \r\n            \r\n\t\t\t<div id=\"e88c08b3\" class=\"imagecard imagecard-e88c08b3 layout-image has-link swiper-slide\">\r\n\t\t\t\t<a class=\"imagecard-link\" href=\"https:\/\/tigges-fastener.com\/de\/branchen\/bauindustrie\/\"><\/a><div class=\"imagecard-image\"><img decoding=\"async\" src=\"https:\/\/tigges-fastener.com\/wp-content\/uploads\/branche_Bauindustrie.jpg\" alt=\"imagecard-image\"><\/div><div class=\"imagecard-content\"><div class=\"imagecard-headline\">Bauindustrie\n<\/div><\/div>\t\t\t<\/div>\r\n\t\r\n\t\t\t\r\n\t\t\t        \r\n            \n\n\r\n\t\t\t       \r\n            \r\n\t\t\t<div id=\"42566d5f\" class=\"imagecard imagecard-42566d5f layout-image has-link swiper-slide\">\r\n\t\t\t\t<a class=\"imagecard-link\" href=\"https:\/\/tigges-fastener.com\/de\/branchen\/sanitaertechnik\/\"><\/a><div class=\"imagecard-image\"><img decoding=\"async\" src=\"https:\/\/tigges-fastener.com\/wp-content\/uploads\/branche_Sanitaertechnik.jpg\" alt=\"imagecard-image\"><\/div><div class=\"imagecard-content\"><div class=\"imagecard-headline\">Sanit\u00e4rtechnik\n<\/div><\/div>\t\t\t<\/div>\r\n\t\r\n\t\t\t\r\n\t\t\t        \r\n            \n\n\r\n\t\t\t       \r\n            \r\n\t\t\t<div id=\"987d4554\" class=\"imagecard imagecard-987d4554 layout-image has-link swiper-slide\">\r\n\t\t\t\t<a class=\"imagecard-link\" href=\"https:\/\/tigges-fastener.com\/de\/branchen\/elektronik\/\"><\/a><div class=\"imagecard-image\"><img decoding=\"async\" src=\"https:\/\/tigges-fastener.com\/wp-content\/uploads\/branche_elektronik.jpg\" alt=\"imagecard-image\"><\/div><div class=\"imagecard-content\"><div class=\"imagecard-headline\">Elektronik\n<\/div><\/div>\t\t\t<\/div>\r\n\t\r\n\t\t\t\r\n\t\t\t        \r\n            \n\n\r\n\t\t\t       \r\n            \r\n\t\t\t<div id=\"9bf22504\" class=\"imagecard imagecard-9bf22504 layout-image has-link swiper-slide\">\r\n\t\t\t\t<a class=\"imagecard-link\" href=\"https:\/\/tigges-fastener.com\/de\/branchen\/energieproduktion\/\"><\/a><div class=\"imagecard-image\"><img decoding=\"async\" src=\"https:\/\/tigges-fastener.com\/wp-content\/uploads\/branche_Energieproduktion.jpg\" alt=\"imagecard-image\"><\/div><div class=\"imagecard-content\"><div class=\"imagecard-headline\">Energieproduktion\n<\/div><\/div>\t\t\t<\/div>\r\n\t\r\n\t\t\t\r\n\t\t\t        \r\n            \n<\/div>\r\n\t\t\t<div class=\"swiper-navigation\"><span class=\"swiper-button-prev\"><\/span><span class=\"swiper-button-next\"><\/span><\/div>\t\t\t<\/div>\r\n\t\t\t\t\t\t            \n<\/div><\/div>\n<\/div>\n<\/section>\n\n<section id=\"contact-form\" class=\"gb-section gb-container gb-container-89f673b8\" data-container-type=\"section\" data-theme=\"dark\">\n<div id=\"2bf4c565\" class=\"gb-inner-section gb-container gb-container-2bf4c565\" data-container-type=\"container\" data-theme=\"inherit\">\n\n<div class=\"wp-block-pixel-headline headlines --subheadline-bottom has-text-align-left\"><h2 class=\"headline\" style=\"color:\">Unser Team von&nbsp;<strong>Tigges hilft Ihnen weiter<\/strong><\/h2><span class=\"subheadline\" style=\"color:\">Nutzen Sie unser Kontaktformular<\/span><\/div>\n\n\n<div class=\"contact-area\" style=\"--contacts-count:0;\"><div class=\"card card-address\">\n\t<div class=\"card-address-image\"><img decoding=\"async\" src=\"\/wp-content\/uploads\/content_contact.jpg\"><\/div>\n\t<div class=\"card-address-copytext\">\n\t\t<div class=\"card-address-headline\">Tigges Fastener<br>Technology (M) Sdn. Bhd.<\/div><br>\n\t\tTelefon: <a href=\"tel: +60 (0) 5 29 22 781\">+60 (0) 5 29 22 781<\/a><br>\n\t\tFax: +60 (0) 5 29 11 050<br>\n\t\tE-Mail: <a href=\"mailto:info@tigges.com.my\">info@tigges.com.my<\/a>\n\t<\/div>\t\t\t\t\t\t\n<\/div><div class=\"contact-area-form\">\n<div class=\"wpcf7 no-js\" id=\"wpcf7-f7-o1\" lang=\"de-DE\" dir=\"ltr\" data-wpcf7-id=\"7\">\n<div class=\"screen-reader-response\"><p role=\"status\" aria-live=\"polite\" aria-atomic=\"true\"><\/p> <ul><\/ul><\/div>\n<form action=\"\/de\/wp-json\/wp\/v2\/pages\/282#wpcf7-f7-o1\" method=\"post\" class=\"wpcf7-form init\" aria-label=\"Kontaktformular\" novalidate=\"novalidate\" data-status=\"init\">\n<fieldset class=\"hidden-fields-container\"><input type=\"hidden\" name=\"_wpcf7\" value=\"7\" \/><input type=\"hidden\" name=\"_wpcf7_version\" value=\"6.1.5\" \/><input type=\"hidden\" name=\"_wpcf7_locale\" value=\"de_DE\" \/><input type=\"hidden\" name=\"_wpcf7_unit_tag\" value=\"wpcf7-f7-o1\" \/><input type=\"hidden\" name=\"_wpcf7_container_post\" value=\"0\" \/><input type=\"hidden\" name=\"_wpcf7_posted_data_hash\" value=\"\" \/><input type=\"hidden\" name=\"_wpcf7_recaptcha_response\" value=\"\" \/>\n<\/fieldset>\n<div class=\"form-fields\">\n<div class=\"form-field half\"><span class=\"wpcf7-form-control-wrap\" data-name=\"fullname\"><input size=\"40\" maxlength=\"400\" class=\"wpcf7-form-control wpcf7-text wpcf7-validates-as-required\" aria-required=\"true\" aria-invalid=\"false\" placeholder=\"Name\" value=\"\" type=\"text\" name=\"fullname\" \/><\/span><\/div>\n<div class=\"form-field half\"><span class=\"wpcf7-form-control-wrap\" data-name=\"company\"><input size=\"40\" maxlength=\"400\" class=\"wpcf7-form-control wpcf7-text wpcf7-validates-as-required\" aria-required=\"true\" aria-invalid=\"false\" placeholder=\"Firma\" value=\"\" type=\"text\" name=\"company\" \/><\/span><\/div>\n<div class=\"form-field half\"><span class=\"wpcf7-form-control-wrap\" data-name=\"your-email\"><input size=\"40\" maxlength=\"400\" class=\"wpcf7-form-control wpcf7-email wpcf7-validates-as-required wpcf7-text wpcf7-validates-as-email\" aria-required=\"true\" aria-invalid=\"false\" placeholder=\"E-Mail\" value=\"\" type=\"email\" name=\"your-email\" \/><\/span><\/div>\n<div class=\"form-field half\"><span class=\"wpcf7-form-control-wrap\" data-name=\"phone\"><input size=\"40\" maxlength=\"400\" class=\"wpcf7-form-control wpcf7-text\" aria-invalid=\"false\" placeholder=\"Telefon\" value=\"\" type=\"text\" name=\"phone\" \/><\/span><\/div>\n<div class=\"form-field full\"><span class=\"wpcf7-form-control-wrap\" data-name=\"message\"><textarea cols=\"40\" rows=\"4\" maxlength=\"2000\" class=\"wpcf7-form-control wpcf7-textarea\" aria-invalid=\"false\" placeholder=\"Nachricht\" name=\"message\"><\/textarea><\/span><\/div>\n<div class=\"form-field full\"><span class=\"form-subheadline\">Upload<\/span><span class=\"wpcf7-form-control-wrap\" data-name=\"upload\"><input size=\"40\" class=\"wpcf7-form-control wpcf7-drag-n-drop-file d-none\" aria-invalid=\"false\" type=\"file\" multiple=\"multiple\" data-name=\"upload\" data-type=\"pdf\" data-limit=\"10000000\" data-min=\"1\" data-max=\"5\" data-id=\"7\" data-version=\"free version 1.3.9.6\" accept=\".pdf\" \/><\/span><\/div>\n<\/div>\n<div class=\"form-footer\">\n<div class=\"form-field\"><div class=\"checkbox-entry\"><span class=\"wpcf7-form-control-wrap\" data-name=\"privacy\"><span class=\"wpcf7-form-control wpcf7-acceptance\"><span class=\"wpcf7-list-item\"><input type=\"checkbox\" name=\"privacy\" value=\"1\" aria-invalid=\"false\" \/><\/span><\/span><\/span><span>Ich akzeptiere die <a href=\"\/rechtliches\/datenschutz\/\" target=\"_blank\">Datenschutzbestimmungen*<\/a><\/span><\/div><\/div>\n<div class=\"form-field submit\"><input class=\"wpcf7-form-control wpcf7-submit has-spinner\" id=\"form-field-submit\" type=\"submit\" value=\"Absenden\" \/><\/div>\n<\/div><div class=\"wpcf7-response-output\" aria-hidden=\"true\"><\/div>\n<\/form>\n<\/div>\n<\/div><\/div>\n<\/div>\n<\/section>","protected":false},"excerpt":{"rendered":"","protected":false},"author":1,"featured_media":0,"parent":156,"menu_order":6,"comment_status":"closed","ping_status":"closed","template":"","meta":{"_acf_changed":false,"footnotes":""},"class_list":["post-282","page","type-page","status-publish"],"acf":[],"yoast_head":"<!-- This site is optimized with the Yoast SEO plugin v27.3 - https:\/\/yoast.com\/product\/yoast-seo-wordpress\/ -->\n<title>Individuelle Komplettsets &amp; Verpackung f\u00fcr Verbindungselemente<\/title>\n<meta name=\"description\" content=\"Individuell konfektionierte Verbindungselemente: vormontierte Schraubensets, Verpackung &amp; Logistik nach Ma\u00df. TIGGES Fastener. Jetzt anfragen!\" \/>\n<meta name=\"robots\" content=\"index, follow, max-snippet:-1, max-image-preview:large, max-video-preview:-1\" \/>\n<link rel=\"canonical\" href=\"https:\/\/tigges-fastener.com\/produkte\/individuell-verpackt\/\" \/>\n<meta property=\"og:locale\" content=\"de_DE\" \/>\n<meta property=\"og:type\" content=\"article\" \/>\n<meta property=\"og:title\" content=\"Individuelle Komplettsets &amp; Verpackung f\u00fcr Verbindungselemente\" \/>\n<meta property=\"og:description\" content=\"Individuell konfektionierte Verbindungselemente: vormontierte Schraubensets, Verpackung &amp; Logistik nach Ma\u00df. TIGGES Fastener. Jetzt anfragen!\" \/>\n<meta property=\"og:url\" content=\"https:\/\/tigges-fastener.com\/produkte\/individuell-verpackt\/\" \/>\n<meta property=\"og:site_name\" content=\"Tigges Fastener Technology\" \/>\n<meta property=\"article:modified_time\" content=\"2025-12-18T09:56:37+00:00\" \/>\n<meta name=\"twitter:card\" content=\"summary_large_image\" \/>\n<meta name=\"twitter:label1\" content=\"Gesch\u00e4tzte Lesezeit\" \/>\n\t<meta name=\"twitter:data1\" content=\"2\u00a0Minuten\" \/>\n<script type=\"application\/ld+json\" class=\"yoast-schema-graph\">{\"@context\":\"https:\\\/\\\/schema.org\",\"@graph\":[{\"@type\":\"WebPage\",\"@id\":\"https:\\\/\\\/tigges-fastener.com\\\/produkte\\\/individuell-verpackt\\\/\",\"url\":\"https:\\\/\\\/tigges-fastener.com\\\/produkte\\\/individuell-verpackt\\\/\",\"name\":\"Individuelle Komplettsets & Verpackung f\u00fcr Verbindungselemente\",\"isPartOf\":{\"@id\":\"https:\\\/\\\/tigges-fastener.com\\\/en\\\/#website\"},\"datePublished\":\"2024-12-10T11:50:37+00:00\",\"dateModified\":\"2025-12-18T09:56:37+00:00\",\"description\":\"Individuell konfektionierte Verbindungselemente: vormontierte Schraubensets, Verpackung & Logistik nach Ma\u00df. TIGGES Fastener. Jetzt anfragen!\",\"breadcrumb\":{\"@id\":\"https:\\\/\\\/tigges-fastener.com\\\/produkte\\\/individuell-verpackt\\\/#breadcrumb\"},\"inLanguage\":\"de\",\"potentialAction\":[{\"@type\":\"ReadAction\",\"target\":[\"https:\\\/\\\/tigges-fastener.com\\\/produkte\\\/individuell-verpackt\\\/\"]}]},{\"@type\":\"BreadcrumbList\",\"@id\":\"https:\\\/\\\/tigges-fastener.com\\\/produkte\\\/individuell-verpackt\\\/#breadcrumb\",\"itemListElement\":[{\"@type\":\"ListItem\",\"position\":1,\"name\":\"Startseite\",\"item\":\"https:\\\/\\\/tigges-fastener.com\\\/\"},{\"@type\":\"ListItem\",\"position\":2,\"name\":\"Produkte\",\"item\":\"https:\\\/\\\/tigges-fastener.com\\\/produkte\\\/\"},{\"@type\":\"ListItem\",\"position\":3,\"name\":\"Individuell verpackt\"}]},{\"@type\":\"WebSite\",\"@id\":\"https:\\\/\\\/tigges-fastener.com\\\/en\\\/#website\",\"url\":\"https:\\\/\\\/tigges-fastener.com\\\/en\\\/\",\"name\":\"Tigges Fastener Technology\",\"description\":\"\",\"publisher\":{\"@id\":\"https:\\\/\\\/tigges-fastener.com\\\/en\\\/#organization\"},\"potentialAction\":[{\"@type\":\"SearchAction\",\"target\":{\"@type\":\"EntryPoint\",\"urlTemplate\":\"https:\\\/\\\/tigges-fastener.com\\\/en\\\/?s={search_term_string}\"},\"query-input\":{\"@type\":\"PropertyValueSpecification\",\"valueRequired\":true,\"valueName\":\"search_term_string\"}}],\"inLanguage\":\"de\"},{\"@type\":\"Organization\",\"@id\":\"https:\\\/\\\/tigges-fastener.com\\\/en\\\/#organization\",\"name\":\"Tigges Fastener Technology\",\"url\":\"https:\\\/\\\/tigges-fastener.com\\\/en\\\/\",\"logo\":{\"@type\":\"ImageObject\",\"inLanguage\":\"de\",\"@id\":\"https:\\\/\\\/tigges-fastener.com\\\/en\\\/#\\\/schema\\\/logo\\\/image\\\/\",\"url\":\"https:\\\/\\\/tigges-fastener.com\\\/wp-content\\\/uploads\\\/tigges_logo.svg\",\"contentUrl\":\"https:\\\/\\\/tigges-fastener.com\\\/wp-content\\\/uploads\\\/tigges_logo.svg\",\"width\":611,\"height\":205,\"caption\":\"Tigges Fastener Technology\"},\"image\":{\"@id\":\"https:\\\/\\\/tigges-fastener.com\\\/en\\\/#\\\/schema\\\/logo\\\/image\\\/\"}}]}<\/script>\n<!-- \/ Yoast SEO plugin. -->","yoast_head_json":{"title":"Individuelle Komplettsets & Verpackung f\u00fcr Verbindungselemente","description":"Individuell konfektionierte Verbindungselemente: vormontierte Schraubensets, Verpackung & Logistik nach Ma\u00df. TIGGES Fastener. Jetzt anfragen!","robots":{"index":"index","follow":"follow","max-snippet":"max-snippet:-1","max-image-preview":"max-image-preview:large","max-video-preview":"max-video-preview:-1"},"canonical":"https:\/\/tigges-fastener.com\/produkte\/individuell-verpackt\/","og_locale":"de_DE","og_type":"article","og_title":"Individuelle Komplettsets & Verpackung f\u00fcr Verbindungselemente","og_description":"Individuell konfektionierte Verbindungselemente: vormontierte Schraubensets, Verpackung & Logistik nach Ma\u00df. TIGGES Fastener. Jetzt anfragen!","og_url":"https:\/\/tigges-fastener.com\/produkte\/individuell-verpackt\/","og_site_name":"Tigges Fastener Technology","article_modified_time":"2025-12-18T09:56:37+00:00","twitter_card":"summary_large_image","twitter_misc":{"Gesch\u00e4tzte Lesezeit":"2\u00a0Minuten"},"schema":{"@context":"https:\/\/schema.org","@graph":[{"@type":"WebPage","@id":"https:\/\/tigges-fastener.com\/produkte\/individuell-verpackt\/","url":"https:\/\/tigges-fastener.com\/produkte\/individuell-verpackt\/","name":"Individuelle Komplettsets & Verpackung f\u00fcr Verbindungselemente","isPartOf":{"@id":"https:\/\/tigges-fastener.com\/en\/#website"},"datePublished":"2024-12-10T11:50:37+00:00","dateModified":"2025-12-18T09:56:37+00:00","description":"Individuell konfektionierte Verbindungselemente: vormontierte Schraubensets, Verpackung & Logistik nach Ma\u00df. TIGGES Fastener. Jetzt anfragen!","breadcrumb":{"@id":"https:\/\/tigges-fastener.com\/produkte\/individuell-verpackt\/#breadcrumb"},"inLanguage":"de","potentialAction":[{"@type":"ReadAction","target":["https:\/\/tigges-fastener.com\/produkte\/individuell-verpackt\/"]}]},{"@type":"BreadcrumbList","@id":"https:\/\/tigges-fastener.com\/produkte\/individuell-verpackt\/#breadcrumb","itemListElement":[{"@type":"ListItem","position":1,"name":"Startseite","item":"https:\/\/tigges-fastener.com\/"},{"@type":"ListItem","position":2,"name":"Produkte","item":"https:\/\/tigges-fastener.com\/produkte\/"},{"@type":"ListItem","position":3,"name":"Individuell verpackt"}]},{"@type":"WebSite","@id":"https:\/\/tigges-fastener.com\/en\/#website","url":"https:\/\/tigges-fastener.com\/en\/","name":"Tigges Fastener Technology","description":"","publisher":{"@id":"https:\/\/tigges-fastener.com\/en\/#organization"},"potentialAction":[{"@type":"SearchAction","target":{"@type":"EntryPoint","urlTemplate":"https:\/\/tigges-fastener.com\/en\/?s={search_term_string}"},"query-input":{"@type":"PropertyValueSpecification","valueRequired":true,"valueName":"search_term_string"}}],"inLanguage":"de"},{"@type":"Organization","@id":"https:\/\/tigges-fastener.com\/en\/#organization","name":"Tigges Fastener Technology","url":"https:\/\/tigges-fastener.com\/en\/","logo":{"@type":"ImageObject","inLanguage":"de","@id":"https:\/\/tigges-fastener.com\/en\/#\/schema\/logo\/image\/","url":"https:\/\/tigges-fastener.com\/wp-content\/uploads\/tigges_logo.svg","contentUrl":"https:\/\/tigges-fastener.com\/wp-content\/uploads\/tigges_logo.svg","width":611,"height":205,"caption":"Tigges Fastener Technology"},"image":{"@id":"https:\/\/tigges-fastener.com\/en\/#\/schema\/logo\/image\/"}}]}},"_links":{"self":[{"href":"https:\/\/tigges-fastener.com\/de\/wp-json\/wp\/v2\/pages\/282","targetHints":{"allow":["GET"]}}],"collection":[{"href":"https:\/\/tigges-fastener.com\/de\/wp-json\/wp\/v2\/pages"}],"about":[{"href":"https:\/\/tigges-fastener.com\/de\/wp-json\/wp\/v2\/types\/page"}],"author":[{"embeddable":true,"href":"https:\/\/tigges-fastener.com\/de\/wp-json\/wp\/v2\/users\/1"}],"replies":[{"embeddable":true,"href":"https:\/\/tigges-fastener.com\/de\/wp-json\/wp\/v2\/comments?post=282"}],"version-history":[{"count":10,"href":"https:\/\/tigges-fastener.com\/de\/wp-json\/wp\/v2\/pages\/282\/revisions"}],"predecessor-version":[{"id":3355,"href":"https:\/\/tigges-fastener.com\/de\/wp-json\/wp\/v2\/pages\/282\/revisions\/3355"}],"up":[{"embeddable":true,"href":"https:\/\/tigges-fastener.com\/de\/wp-json\/wp\/v2\/pages\/156"}],"wp:attachment":[{"href":"https:\/\/tigges-fastener.com\/de\/wp-json\/wp\/v2\/media?parent=282"}],"curies":[{"name":"wp","href":"https:\/\/api.w.org\/{rel}","templated":true}]}}