{"id":199,"date":"2024-12-09T16:43:57","date_gmt":"2024-12-09T15:43:57","guid":{"rendered":"https:\/\/tigges.pixel-tal.de\/impressum\/"},"modified":"2025-12-18T11:19:57","modified_gmt":"2025-12-18T10:19:57","slug":"impressum","status":"publish","type":"page","link":"https:\/\/tigges-fastener.com\/de\/rechtliches\/impressum\/","title":{"rendered":"Impressum"},"content":{"rendered":"<section id=\"1e5b092f\" class=\"gb-section gb-container gb-container-1e5b092f\" data-container-type=\"section\" data-theme=\"dark\">\n<div id=\"6fb098e1\" class=\"gb-inner-section gb-container gb-container-6fb098e1\" data-container-type=\"container\" data-theme=\"inherit\">\n\n<div class=\"wp-block-pixel-headline headlines --subheadline-bottom has-text-align-left\"><h1 class=\"headline --h2\" style=\"color:\"><strong>Impressum<\/strong><\/h1><span class=\"subheadline\" style=\"color:\">Wichtige Informationen zum Webangebot<\/span><\/div>\n\n\n<div class=\"gb-grid-wrapper gb-grid-wrapper-836c06ed\">\n<div class=\"gb-grid-column gb-grid-column-1bb812c9\"><section id=\"1bb812c9\" class=\"gb-container gb-container-1bb812c9\" data-container-type=\"container\" data-theme=\"inherit\">\n\n<p><strong>Tigges Fastener<br>Technology (M) Sdn. Bhd.<\/strong><br>Lot 197067, Jalan Klebang 1\/6<br>Zon Perdagangan Bebas Kinta<br>31200 Chemor<br>Perak Darul Ridzuan<br>Malaysia<\/p>\n\n\n\n<p>Telefon: <a href=\"tel:60052922781\">+60 (0) 5 29 22 781<\/a><br>E-Mail: <a href=\"mailto:info@tigges.com.my\">info@tigges.com.my<\/a><\/p>\n\n\n\n<p><strong>Gesch\u00e4ftsf\u00fchrer:<br><\/strong>J\u00f6rg Tigges<br>Kensuke Dairiki<br>Leong Moon Seng<\/p>\n\n\n\n<p><strong>Konzeption, Webdesign und Webprogrammierung<br><\/strong>PixelProduction GmbH &amp; Co. KG<br>Agentur f\u00fcr Marketing und Kommunikation<br><a href=\"https:\/\/www.pixelproduction.de\" target=\"_blank\" rel=\"noreferrer noopener\">www.pixelproduction.de<\/a><\/p>\n\n<\/section><\/div>\n\n<div class=\"gb-grid-column gb-grid-column-ba40c506\"><section id=\"ba40c506\" class=\"gb-container gb-container-ba40c506\" data-container-type=\"container\" data-theme=\"inherit\">\n\n<div class=\"wp-block-pixel-headline headlines --subheadline-bottom has-text-align-left\"><h5 class=\"headline\" style=\"color:\"><strong>Streitschlichtung<\/strong><\/h5><\/div>\n\n\n\n<p>Die Europ\u00e4ische Kommission stellt eine Plattform zur Online-Streitbeilegung (OS) bereit:<a href=\"https:\/\/ec.europa.eu\/consumers\/odr\" target=\"_blank\" rel=\"noreferrer noopener\"> https:\/\/ec.europa.eu\/consumers\/odr<\/a>. Unsere E-Mail-Adresse finden Sie oben im Impressum. Wir sind nicht bereit oder verpflichtet, an Streitbeilegungsverfahren vor einer Verbraucherschlichtungsstelle teilzunehmen.<\/p>\n\n\n\n<div class=\"wp-block-pixel-headline headlines --subheadline-bottom has-text-align-left\"><h5 class=\"headline\" style=\"color:\"><strong>Haftung f\u00fcr Links<\/strong><\/h5><\/div>\n\n\n\n<p>Unser Angebot enth\u00e4lt Links zu externen Websites Dritter, auf deren Inhalte wir keinen Einfluss haben. Deshalb k\u00f6nnen wir f\u00fcr diese fremden Inhalte auch keine Gew\u00e4hr \u00fcbernehmen. F\u00fcr die Inhalte der verlinkten Seiten ist stets der jeweilige Anbieter oder Betreiber der Seiten verantwortlich.<\/p>\n\n\n\n<p>Die verlinkten Seiten wurden zum Zeitpunkt der Verlinkung auf m\u00f6gliche Rechtsverst\u00f6\u00dfe \u00fcberpr\u00fcft. Rechtswidrige Inhalte waren zum Zeitpunkt der Verlinkung nicht erkennbar. Eine permanente inhaltliche Kontrolle der verlinkten Seiten ist jedoch ohne konkrete Anhaltspunkte einer Rechtsverletzung nicht zumutbar. Bei Bekanntwerden von Rechtsverletzungen werden wir derartige Links umgehend entfernen.<\/p>\n\n\n\n<div class=\"wp-block-pixel-headline headlines --subheadline-bottom has-text-align-left\"><h5 class=\"headline\" style=\"color:\"><strong>Urheberrecht<\/strong><\/h5><\/div>\n\n\n\n<p>Die durch die Seitenbetreiber erstellten Inhalte und Werke auf diesen Seiten unterliegen dem deutschen Urheberrecht. Die Vervielf\u00e4ltigung, Bearbeitung, Verbreitung und jede Art der Verwertung au\u00dferhalb der Grenzen des Urheberrechtes bed\u00fcrfen der schriftlichen Zustimmung des jeweiligen Autors bzw. Erstellers. Downloads und Kopien dieser Seite sind nur f\u00fcr den privaten, nicht kommerziellen Gebrauch gestattet.<\/p>\n\n\n\n<p>Soweit die Inhalte auf dieser Seite nicht vom Betreiber erstellt wurden, werden die Urheberrechte Dritter beachtet. Insbesondere werden Inhalte Dritter als solche gekennzeichnet. Sollten Sie trotzdem auf eine Urheberrechtsverletzung aufmerksam werden, bitten wir um einen entsprechenden Hinweis. Bei Bekanntwerden von Rechtsverletzungen werden wir derartige Inhalte umgehend entfernen.<\/p>\n\n<\/section><\/div>\n<\/div>\n<\/div>\n<\/section>","protected":false},"excerpt":{"rendered":"","protected":false},"author":1,"featured_media":0,"parent":197,"menu_order":1,"comment_status":"closed","ping_status":"closed","template":"","meta":{"_acf_changed":false,"footnotes":""},"class_list":["post-199","page","type-page","status-publish"],"acf":[],"yoast_head":"<!-- This site is optimized with the Yoast SEO plugin v27.3 - https:\/\/yoast.com\/product\/yoast-seo-wordpress\/ -->\n<title>Impressum | TIGGES Fastener<\/title>\n<meta name=\"description\" content=\"Impressum von TIGGES Fastener mit rechtlichen Angaben, Kontaktinformationen und Hinweisen zu Haftung, Urheberrecht und Streitbeilegung.\" \/>\n<meta name=\"robots\" content=\"index, follow, max-snippet:-1, max-image-preview:large, max-video-preview:-1\" \/>\n<link rel=\"canonical\" href=\"https:\/\/tigges-fastener.com\/rechtliches\/impressum\/\" \/>\n<meta property=\"og:locale\" content=\"de_DE\" \/>\n<meta property=\"og:type\" content=\"article\" \/>\n<meta property=\"og:title\" content=\"Impressum | TIGGES Fastener\" \/>\n<meta property=\"og:description\" content=\"Impressum von TIGGES Fastener mit rechtlichen Angaben, Kontaktinformationen und Hinweisen zu Haftung, Urheberrecht und Streitbeilegung.\" \/>\n<meta property=\"og:url\" content=\"https:\/\/tigges-fastener.com\/rechtliches\/impressum\/\" \/>\n<meta property=\"og:site_name\" content=\"Tigges Fastener Technology\" \/>\n<meta property=\"article:modified_time\" content=\"2025-12-18T10:19:57+00:00\" \/>\n<meta name=\"twitter:card\" content=\"summary_large_image\" \/>\n<meta name=\"twitter:label1\" content=\"Gesch\u00e4tzte Lesezeit\" \/>\n\t<meta name=\"twitter:data1\" content=\"2\u00a0Minuten\" \/>\n<script type=\"application\/ld+json\" class=\"yoast-schema-graph\">{\"@context\":\"https:\\\/\\\/schema.org\",\"@graph\":[{\"@type\":\"WebPage\",\"@id\":\"https:\\\/\\\/tigges-fastener.com\\\/rechtliches\\\/impressum\\\/\",\"url\":\"https:\\\/\\\/tigges-fastener.com\\\/rechtliches\\\/impressum\\\/\",\"name\":\"Impressum | TIGGES Fastener\",\"isPartOf\":{\"@id\":\"https:\\\/\\\/tigges-fastener.com\\\/en\\\/#website\"},\"datePublished\":\"2024-12-09T15:43:57+00:00\",\"dateModified\":\"2025-12-18T10:19:57+00:00\",\"description\":\"Impressum von TIGGES Fastener mit rechtlichen Angaben, Kontaktinformationen und Hinweisen zu Haftung, Urheberrecht und Streitbeilegung.\",\"breadcrumb\":{\"@id\":\"https:\\\/\\\/tigges-fastener.com\\\/rechtliches\\\/impressum\\\/#breadcrumb\"},\"inLanguage\":\"de\",\"potentialAction\":[{\"@type\":\"ReadAction\",\"target\":[\"https:\\\/\\\/tigges-fastener.com\\\/rechtliches\\\/impressum\\\/\"]}]},{\"@type\":\"BreadcrumbList\",\"@id\":\"https:\\\/\\\/tigges-fastener.com\\\/rechtliches\\\/impressum\\\/#breadcrumb\",\"itemListElement\":[{\"@type\":\"ListItem\",\"position\":1,\"name\":\"Startseite\",\"item\":\"https:\\\/\\\/tigges-fastener.com\\\/\"},{\"@type\":\"ListItem\",\"position\":2,\"name\":\"Rechtliches\",\"item\":\"https:\\\/\\\/tigges-fastener.com\\\/rechtliches\\\/\"},{\"@type\":\"ListItem\",\"position\":3,\"name\":\"Impressum\"}]},{\"@type\":\"WebSite\",\"@id\":\"https:\\\/\\\/tigges-fastener.com\\\/en\\\/#website\",\"url\":\"https:\\\/\\\/tigges-fastener.com\\\/en\\\/\",\"name\":\"Tigges Fastener Technology\",\"description\":\"\",\"publisher\":{\"@id\":\"https:\\\/\\\/tigges-fastener.com\\\/en\\\/#organization\"},\"potentialAction\":[{\"@type\":\"SearchAction\",\"target\":{\"@type\":\"EntryPoint\",\"urlTemplate\":\"https:\\\/\\\/tigges-fastener.com\\\/en\\\/?s={search_term_string}\"},\"query-input\":{\"@type\":\"PropertyValueSpecification\",\"valueRequired\":true,\"valueName\":\"search_term_string\"}}],\"inLanguage\":\"de\"},{\"@type\":\"Organization\",\"@id\":\"https:\\\/\\\/tigges-fastener.com\\\/en\\\/#organization\",\"name\":\"Tigges Fastener Technology\",\"url\":\"https:\\\/\\\/tigges-fastener.com\\\/en\\\/\",\"logo\":{\"@type\":\"ImageObject\",\"inLanguage\":\"de\",\"@id\":\"https:\\\/\\\/tigges-fastener.com\\\/en\\\/#\\\/schema\\\/logo\\\/image\\\/\",\"url\":\"https:\\\/\\\/tigges-fastener.com\\\/wp-content\\\/uploads\\\/tigges_logo.svg\",\"contentUrl\":\"https:\\\/\\\/tigges-fastener.com\\\/wp-content\\\/uploads\\\/tigges_logo.svg\",\"width\":611,\"height\":205,\"caption\":\"Tigges Fastener Technology\"},\"image\":{\"@id\":\"https:\\\/\\\/tigges-fastener.com\\\/en\\\/#\\\/schema\\\/logo\\\/image\\\/\"}}]}<\/script>\n<!-- \/ Yoast SEO plugin. -->","yoast_head_json":{"title":"Impressum | TIGGES Fastener","description":"Impressum von TIGGES Fastener mit rechtlichen Angaben, Kontaktinformationen und Hinweisen zu Haftung, Urheberrecht und Streitbeilegung.","robots":{"index":"index","follow":"follow","max-snippet":"max-snippet:-1","max-image-preview":"max-image-preview:large","max-video-preview":"max-video-preview:-1"},"canonical":"https:\/\/tigges-fastener.com\/rechtliches\/impressum\/","og_locale":"de_DE","og_type":"article","og_title":"Impressum | TIGGES Fastener","og_description":"Impressum von TIGGES Fastener mit rechtlichen Angaben, Kontaktinformationen und Hinweisen zu Haftung, Urheberrecht und Streitbeilegung.","og_url":"https:\/\/tigges-fastener.com\/rechtliches\/impressum\/","og_site_name":"Tigges Fastener Technology","article_modified_time":"2025-12-18T10:19:57+00:00","twitter_card":"summary_large_image","twitter_misc":{"Gesch\u00e4tzte Lesezeit":"2\u00a0Minuten"},"schema":{"@context":"https:\/\/schema.org","@graph":[{"@type":"WebPage","@id":"https:\/\/tigges-fastener.com\/rechtliches\/impressum\/","url":"https:\/\/tigges-fastener.com\/rechtliches\/impressum\/","name":"Impressum | TIGGES Fastener","isPartOf":{"@id":"https:\/\/tigges-fastener.com\/en\/#website"},"datePublished":"2024-12-09T15:43:57+00:00","dateModified":"2025-12-18T10:19:57+00:00","description":"Impressum von TIGGES Fastener mit rechtlichen Angaben, Kontaktinformationen und Hinweisen zu Haftung, Urheberrecht und Streitbeilegung.","breadcrumb":{"@id":"https:\/\/tigges-fastener.com\/rechtliches\/impressum\/#breadcrumb"},"inLanguage":"de","potentialAction":[{"@type":"ReadAction","target":["https:\/\/tigges-fastener.com\/rechtliches\/impressum\/"]}]},{"@type":"BreadcrumbList","@id":"https:\/\/tigges-fastener.com\/rechtliches\/impressum\/#breadcrumb","itemListElement":[{"@type":"ListItem","position":1,"name":"Startseite","item":"https:\/\/tigges-fastener.com\/"},{"@type":"ListItem","position":2,"name":"Rechtliches","item":"https:\/\/tigges-fastener.com\/rechtliches\/"},{"@type":"ListItem","position":3,"name":"Impressum"}]},{"@type":"WebSite","@id":"https:\/\/tigges-fastener.com\/en\/#website","url":"https:\/\/tigges-fastener.com\/en\/","name":"Tigges Fastener Technology","description":"","publisher":{"@id":"https:\/\/tigges-fastener.com\/en\/#organization"},"potentialAction":[{"@type":"SearchAction","target":{"@type":"EntryPoint","urlTemplate":"https:\/\/tigges-fastener.com\/en\/?s={search_term_string}"},"query-input":{"@type":"PropertyValueSpecification","valueRequired":true,"valueName":"search_term_string"}}],"inLanguage":"de"},{"@type":"Organization","@id":"https:\/\/tigges-fastener.com\/en\/#organization","name":"Tigges Fastener Technology","url":"https:\/\/tigges-fastener.com\/en\/","logo":{"@type":"ImageObject","inLanguage":"de","@id":"https:\/\/tigges-fastener.com\/en\/#\/schema\/logo\/image\/","url":"https:\/\/tigges-fastener.com\/wp-content\/uploads\/tigges_logo.svg","contentUrl":"https:\/\/tigges-fastener.com\/wp-content\/uploads\/tigges_logo.svg","width":611,"height":205,"caption":"Tigges Fastener Technology"},"image":{"@id":"https:\/\/tigges-fastener.com\/en\/#\/schema\/logo\/image\/"}}]}},"_links":{"self":[{"href":"https:\/\/tigges-fastener.com\/de\/wp-json\/wp\/v2\/pages\/199","targetHints":{"allow":["GET"]}}],"collection":[{"href":"https:\/\/tigges-fastener.com\/de\/wp-json\/wp\/v2\/pages"}],"about":[{"href":"https:\/\/tigges-fastener.com\/de\/wp-json\/wp\/v2\/types\/page"}],"author":[{"embeddable":true,"href":"https:\/\/tigges-fastener.com\/de\/wp-json\/wp\/v2\/users\/1"}],"replies":[{"embeddable":true,"href":"https:\/\/tigges-fastener.com\/de\/wp-json\/wp\/v2\/comments?post=199"}],"version-history":[{"count":10,"href":"https:\/\/tigges-fastener.com\/de\/wp-json\/wp\/v2\/pages\/199\/revisions"}],"predecessor-version":[{"id":4143,"href":"https:\/\/tigges-fastener.com\/de\/wp-json\/wp\/v2\/pages\/199\/revisions\/4143"}],"up":[{"embeddable":true,"href":"https:\/\/tigges-fastener.com\/de\/wp-json\/wp\/v2\/pages\/197"}],"wp:attachment":[{"href":"https:\/\/tigges-fastener.com\/de\/wp-json\/wp\/v2\/media?parent=199"}],"curies":[{"name":"wp","href":"https:\/\/api.w.org\/{rel}","templated":true}]}}